{"id":1296,"date":"2023-05-22T16:40:11","date_gmt":"2023-05-22T16:40:11","guid":{"rendered":"https:\/\/inminer.es\/?page_id=1296"},"modified":"2026-04-09T13:15:03","modified_gmt":"2026-04-09T11:15:03","slug":"actividades-y-servicios","status":"publish","type":"page","link":"https:\/\/inminer.es\/en\/actividades-y-servicios\/","title":{"rendered":"Sections"},"content":{"rendered":"<div id=\"wpc_69e006f31aa65\" class=\"vc_row wpb_row vc_row-fluid\">\n\t\t<div class=\"row_inner_wrapper  clearfix\">\n\t\t\t<div class=\"row_inner row_center_content clearfix\"><div class=\"wpb_column vc_column_container vc_col-sm-3\"><div class=\"vc_column-inner\"><div class=\"wpb_wrapper\">\n\t<div class=\"wpb_text_column wpb_content_element\" >\n\t\t<div class=\"wpb_wrapper\">\n\t\t\t<h2><span style=\"color: #ff9900;\">INDUSTRY<\/span><\/h2>\n<p><a href=\"https:\/\/inminer.es\/en\/industria\/#dise\u00f1o\">&gt; Facility design and calculation projects<\/a><\/p>\n<p><a href=\"https:\/\/inminer.es\/en\/industria\/#fabricacion\">&gt; Design and manufacturing of equipment<\/a><\/p>\n<p><a href=\"https:\/\/inminer.es\/en\/industria\/#petroquimica\">&gt; Petrochemical Industry<\/a><\/p>\n<p><a href=\"https:\/\/inminer.es\/en\/industria\/#desmontajes\">&gt; Industrial dismantling<\/a><\/p>\n<p><a href=\"https:\/\/inminer.es\/en\/industria\/#incendios\">&gt; Fire protection installation projects<\/a><\/p>\n<p><a href=\"https:\/\/inminer.es\/en\/industria\/#instrumentacion\">&gt; Instrumentation projects<\/a><\/p>\n<p><a href=\"https:\/\/inminer.es\/en\/industria\/#delineacion\">&gt; Delineation services<\/a><\/p>\n\n\t\t<\/div>\n\t<\/div>\n<\/div><\/div><\/div><div class=\"wpb_column vc_column_container vc_col-sm-3\"><div class=\"vc_column-inner\"><div class=\"wpb_wrapper\">\n\t<div class=\"wpb_text_column wpb_content_element\" >\n\t\t<div class=\"wpb_wrapper\">\n\t\t\t<h2><span style=\"color: #ff9900;\">ENVIRONMENT<\/span><\/h2>\n<p><a href=\"https:\/\/inminer.es\/en\/medioambiente\/#impacto\">&gt; Environmental Impact Studies<\/a><\/p>\n<p><a href=\"https:\/\/inminer.es\/en\/medioambiente\/#plantas\">&gt; Projects for RCD revaluation plants<\/a><\/p>\n<p><a href=\"https:\/\/inminer.es\/en\/medioambiente\/#ruidos\">&gt; Noise studies<\/a><\/p>\n<p><a href=\"https:\/\/inminer.es\/en\/medioambiente\/#faunisticos\">&gt; Faunistic catalogs<\/a><\/p>\n<p><a href=\"https:\/\/inminer.es\/en\/medioambiente\/#vegetales\">&gt; Catalogs of plant species<\/a><\/p>\n<p><a href=\"https:\/\/inminer.es\/en\/medioambiente\/#restauracion\">&gt; Restoration projects for degraded spaces<\/a><\/p>\n<p><a href=\"https:\/\/inminer.es\/en\/medioambiente\/#economia\">&gt; Circular Economy<\/a><\/p>\n<p><a href=\"https:\/\/inminer.es\/en\/medioambiente\/#valorizaciones\">&gt; Communication of valuations<\/a><\/p>\n<p><a href=\"https:\/\/inminer.es\/en\/medioambiente\/#contaminadoras\">&gt; Request for authorization for potentially polluting activities<\/a><\/p>\n\n\t\t<\/div>\n\t<\/div>\n<\/div><\/div><\/div><div class=\"wpb_column vc_column_container vc_col-sm-3\"><div class=\"vc_column-inner\"><div class=\"wpb_wrapper\">\n\t<div class=\"wpb_text_column wpb_content_element\" >\n\t\t<div class=\"wpb_wrapper\">\n\t\t\t<h2><span style=\"color: #ff9900;\">INDUSTRIAL CONSTRUCTION<\/span><\/h2>\n<p><a href=\"https:\/\/inminer.es\/en\/construccion-industrial\/#llave\">&gt; Turnkey projects<\/a><\/p>\n<p><a href=\"https:\/\/inminer.es\/en\/construccion-industrial\/#calculo\">&gt; Installation calculation projects<\/a><\/p>\n<p><a href=\"https:\/\/inminer.es\/en\/construccion-industrial\/#seguridad\">&gt; Safety technicians on construction sites<\/a><\/p>\n<p><a href=\"https:\/\/inminer.es\/en\/construccion-industrial\/#direccion\">&gt; Construction management<\/a><\/p>\n<p><a href=\"https:\/\/inminer.es\/en\/construccion-industrial\/#asistencia\">&gt; Technical assistance in works<\/a><\/p>\n<p><a href=\"https:\/\/inminer.es\/en\/construccion-industrial\/#coordinacion\">&gt; Health and safety coordination<\/a><\/p>\n<p><a href=\"https:\/\/inminer.es\/en\/construccion-industrial\/#demolicion\">&gt; Dismantling and demolition projects<\/a><\/p>\n\n\t\t<\/div>\n\t<\/div>\n<\/div><\/div><\/div><div class=\"wpb_column vc_column_container vc_col-sm-3\"><div class=\"vc_column-inner\"><div class=\"wpb_wrapper\">\n\t<div class=\"wpb_text_column wpb_content_element\" >\n\t\t<div class=\"wpb_wrapper\">\n\t\t\t<h2><span style=\"color: #ff9900;\">ENERGY<\/span><\/h2>\n<p><a href=\"https:\/\/inminer.es\/en\/energia\/#plantas\">&gt; Photovoltaic plant projects<\/a><\/p>\n<p><a href=\"https:\/\/inminer.es\/en\/energia\/#hibridacion\">&gt; Generation plant hybridization projects<\/a><\/p>\n<p><a href=\"https:\/\/inminer.es\/en\/energia\/#certificado\">&gt; Energy Efficiency Certificate<\/a><\/p>\n\n\t\t<\/div>\n\t<\/div>\n<\/div><\/div><\/div>\n\t\t\t<\/div>\n\t\t<\/div>\n<\/div>\n<div id=\"wpc_69e006f31c7ad\" class=\"vc_row wpb_row vc_row-fluid\">\n\t\t<div class=\"row_inner_wrapper  clearfix\">\n\t\t\t<div class=\"row_inner row_center_content clearfix\"><div class=\"wpb_column vc_column_container vc_col-sm-12\"><div class=\"vc_column-inner\"><div class=\"wpb_wrapper\"><div class=\"vc_separator wpb_content_element vc_separator_align_center vc_sep_width_80 vc_sep_border_width_2 vc_sep_pos_align_center vc_separator_no_text vc_sep_color_grey\" ><span class=\"vc_sep_holder vc_sep_holder_l\"><span  class=\"vc_sep_line\"><\/span><\/span><span class=\"vc_sep_holder vc_sep_holder_r\"><span  class=\"vc_sep_line\"><\/span><\/span>\n<\/div><\/div><\/div><\/div>\n\t\t\t<\/div>\n\t\t<\/div>\n<\/div>\n<div id=\"wpc_69e006f31d357\" class=\"vc_row wpb_row vc_row-fluid\">\n\t\t<div class=\"row_inner_wrapper  clearfix\">\n\t\t\t<div class=\"row_inner row_center_content clearfix\"><div class=\"wpb_column vc_column_container vc_col-sm-3\"><div class=\"vc_column-inner\"><div class=\"wpb_wrapper\">\n\t<div class=\"wpb_text_column wpb_content_element\" >\n\t\t<div class=\"wpb_wrapper\">\n\t\t\t<h2><span style=\"color: #ff9900;\">MINING<\/span><\/h2>\n<p><a href=\"https:\/\/inminer.es\/en\/mineria\/#sondeo\">&gt; Drilling projects<\/a><\/p>\n<p><a href=\"https:\/\/inminer.es\/en\/mineria\/#explotacion\">&gt; Mining projects<\/a><\/p>\n<p><a href=\"https:\/\/inminer.es\/en\/mineria\/#planes\">&gt; Work plans for mining operations<\/a><\/p>\n<p><a href=\"https:\/\/inminer.es\/en\/mineria\/#direccion\">&gt; Management of mining operations<\/a><\/p>\n<p><a href=\"https:\/\/inminer.es\/en\/mineria\/#restauracion\">&gt; Restoration projects<\/a><\/p>\n<p><a href=\"https:\/\/inminer.es\/en\/mineria\/#voladuras\">&gt; Blasting<\/a><\/p>\n\n\t\t<\/div>\n\t<\/div>\n<\/div><\/div><\/div><div class=\"wpb_column vc_column_container vc_col-sm-3\"><div class=\"vc_column-inner\"><div class=\"wpb_wrapper\">\n\t<div class=\"wpb_text_column wpb_content_element\" >\n\t\t<div class=\"wpb_wrapper\">\n\t\t\t<h2><span style=\"color: #ff9900;\">INDUSTRIAL SAFETY<\/span><\/h2>\n<p><a href=\"https:\/\/inminer.es\/en\/seguridad-industrial\/#organismo\">&gt; Machine inspection organization. RD 1215\/97<\/a><\/p>\n<p><a href=\"https:\/\/inminer.es\/en\/seguridad-industrial\/#marcado\">&gt; CE Mark<\/a><\/p>\n<p><a href=\"https:\/\/inminer.es\/en\/seguridad-industrial\/#amianto\">&gt; Asbestos maps<\/a><\/p>\n<p><a href=\"https:\/\/inminer.es\/en\/seguridad-industrial\/#almacenamiento\">&gt; Chemical Products Storage Projects<\/a><\/p>\n<p><a href=\"https:\/\/inminer.es\/en\/seguridad-industrial\/#planes\">&gt; Self-protection plans<\/a><\/p>\n\n\t\t<\/div>\n\t<\/div>\n<\/div><\/div><\/div><div class=\"wpb_column vc_column_container vc_col-sm-3\"><div class=\"vc_column-inner\"><div class=\"wpb_wrapper\">\n\t<div class=\"wpb_text_column wpb_content_element\" >\n\t\t<div class=\"wpb_wrapper\">\n\t\t\t<h2><span style=\"color: #ff9900;\">WATER CYCLE<\/span><\/h2>\n<p><a href=\"https:\/\/inminer.es\/en\/ciclo-del-agua\/#estudios\">&gt; Hydrogeological studies<\/a><\/p>\n<p><a href=\"https:\/\/inminer.es\/en\/ciclo-del-agua\/#gestion\">&gt; Management and control of wastewater treatment plants<\/a><\/p>\n<p><a href=\"https:\/\/inminer.es\/en\/ciclo-del-agua\/#inundabilidad\">&gt; Flood risk studies<\/a><\/p>\n\n\t\t<\/div>\n\t<\/div>\n<\/div><\/div><\/div><div class=\"wpb_column vc_column_container vc_col-sm-3\"><div class=\"vc_column-inner\"><div class=\"wpb_wrapper\">\n\t<div class=\"wpb_text_column wpb_content_element\" >\n\t\t<div class=\"wpb_wrapper\">\n\t\t\t<h2><span style=\"color: #ff9900;\">ARCHITECTURE, CONSTRUCTION, CIVIL WORKS AND INDUSTRIAL WORKS<\/span><\/h2>\n<p><a href=\"https:\/\/inminer.es\/en\/arquitectura-construccion-obra-civil-y-obra-industrial\/#viviendas\">&gt; Installation projects for homes and premises<\/a><\/p>\n<p><a href=\"https:\/\/inminer.es\/en\/arquitectura-construccion-obra-civil-y-obra-industrial\/#actividad\">&gt; Activity license projects<\/a><\/p>\n<p><a href=\"https:\/\/inminer.es\/en\/arquitectura-construccion-obra-civil-y-obra-industrial\/#seguridad\">&gt; Safety technicians on construction sites<\/a><\/p>\n<p><a href=\"https:\/\/inminer.es\/en\/arquitectura-construccion-obra-civil-y-obra-industrial\/#direccion\">&gt; Construction management<\/a><\/p>\n<p><a href=\"https:\/\/inminer.es\/en\/arquitectura-construccion-obra-civil-y-obra-industrial\/#asistencia\">&gt; Technical assistance in works<\/a><\/p>\n<p><a href=\"https:\/\/inminer.es\/en\/arquitectura-construccion-obra-civil-y-obra-industrial\/#coordinacion\">&gt; Health and safety coordination in the execution phase<\/a><\/p>\n<p><a href=\"https:\/\/inminer.es\/en\/arquitectura-construccion-obra-civil-y-obra-industrial\/#delineacion\">&gt; Delineation and 3D services<\/a><\/p>\n\n\t\t<\/div>\n\t<\/div>\n<\/div><\/div><\/div>\n\t\t\t<\/div>\n\t\t<\/div>\n<\/div>\n<div id=\"wpc_69e006f31e80d\" class=\"vc_row wpb_row vc_row-fluid\">\n\t\t<div class=\"row_inner_wrapper  clearfix\">\n\t\t\t<div class=\"row_inner row_center_content clearfix\"><div class=\"wpb_column vc_column_container vc_col-sm-12\"><div class=\"vc_column-inner\"><div class=\"wpb_wrapper\"><div class=\"vc_separator wpb_content_element vc_separator_align_center vc_sep_width_80 vc_sep_border_width_2 vc_sep_pos_align_center vc_separator_no_text vc_sep_color_grey\" ><span class=\"vc_sep_holder vc_sep_holder_l\"><span  class=\"vc_sep_line\"><\/span><\/span><span class=\"vc_sep_holder vc_sep_holder_r\"><span  class=\"vc_sep_line\"><\/span><\/span>\n<\/div><\/div><\/div><\/div>\n\t\t\t<\/div>\n\t\t<\/div>\n<\/div>\n<div id=\"wpc_69e006f31f2ca\" class=\"vc_row wpb_row vc_row-fluid\">\n\t\t<div class=\"row_inner_wrapper  clearfix\">\n\t\t\t<div class=\"row_inner row_center_content clearfix\"><div class=\"wpb_column vc_column_container vc_col-sm-3\"><div class=\"vc_column-inner\"><div class=\"wpb_wrapper\">\n\t<div class=\"wpb_text_column wpb_content_element\" >\n\t\t<div class=\"wpb_wrapper\">\n\t\t\t<h2><span style=\"color: #ff9900;\">TRADING<\/span><\/h2>\n<p><a href=\"https:\/\/inminer.es\/en\/trading\/#activos\">&gt; Purchase and sale of energy, mining and industrial assets<\/a><\/p>\n\n\t\t<\/div>\n\t<\/div>\n<\/div><\/div><\/div><div class=\"wpb_column vc_column_container vc_col-sm-3\"><div class=\"vc_column-inner\"><div class=\"wpb_wrapper\">\n\t<div class=\"wpb_text_column wpb_content_element\" >\n\t\t<div class=\"wpb_wrapper\">\n\t\t\t<h2><span style=\"color: #ff9900;\">VEH\u00cdCULOS HIST\u00d3RICOS<\/span><\/h2>\n<p><a href=\"https:\/\/inminer.es\/en\/vehiculos-historicos\/\">&gt; Presentation<\/a><\/p>\n\n\t\t<\/div>\n\t<\/div>\n<\/div><\/div><\/div>\n\t\t\t<\/div>\n\t\t<\/div>\n<\/div>","protected":false},"excerpt":{"rendered":"INDUSTRIA &gt; Proyectos de dise\u00f1o y c\u00e1lculo de instalaciones &gt; Dise\u00f1o y fabricaci\u00f3n de equipos &gt; Industria Petroqu\u00edmica &gt; Desmontajes industriales ...","protected":false},"author":1,"featured_media":0,"parent":0,"menu_order":0,"comment_status":"closed","ping_status":"closed","template":"","meta":{"footnotes":""},"class_list":["post-1296","page","type-page","status-publish","hentry"],"yoast_head":"<!-- This site is optimized with the Yoast SEO plugin v26.9 - https:\/\/yoast.com\/product\/yoast-seo-wordpress\/ -->\n<title>Actividades | Inminer<\/title>\n<meta name=\"description\" content=\"Descubre las actividades de Inminer en ingenier\u00eda industrial, medio ambiente, construcci\u00f3n y energ\u00eda. Soluciones t\u00e9cnicas en proyectos, estudios y servicios especializados.\" \/>\n<meta name=\"robots\" content=\"index, follow, max-snippet:-1, max-image-preview:large, max-video-preview:-1\" \/>\n<link rel=\"canonical\" href=\"https:\/\/inminer.es\/en\/actividades-y-servicios\/\" \/>\n<meta property=\"og:locale\" content=\"en_GB\" \/>\n<meta property=\"og:type\" content=\"article\" \/>\n<meta property=\"og:title\" content=\"Actividades | Inminer\" \/>\n<meta property=\"og:description\" content=\"Descubre las actividades de Inminer en ingenier\u00eda industrial, medio ambiente, construcci\u00f3n y energ\u00eda. Soluciones t\u00e9cnicas en proyectos, estudios y servicios especializados.\" \/>\n<meta property=\"og:url\" content=\"https:\/\/inminer.es\/en\/actividades-y-servicios\/\" \/>\n<meta property=\"og:site_name\" content=\"INM\u00cdNER\" \/>\n<meta property=\"article:modified_time\" content=\"2026-04-09T11:15:03+00:00\" \/>\n<meta name=\"twitter:card\" content=\"summary_large_image\" \/>\n<meta name=\"twitter:label1\" content=\"Estimated reading time\" \/>\n\t<meta name=\"twitter:data1\" content=\"2 minutes\" \/>\n<script type=\"application\/ld+json\" class=\"yoast-schema-graph\">{\"@context\":\"https:\/\/schema.org\",\"@graph\":[{\"@type\":\"WebPage\",\"@id\":\"https:\/\/inminer.es\/actividades-y-servicios\/\",\"url\":\"https:\/\/inminer.es\/actividades-y-servicios\/\",\"name\":\"Actividades | Inminer\",\"isPartOf\":{\"@id\":\"https:\/\/inminer.es\/#website\"},\"datePublished\":\"2023-05-22T16:40:11+00:00\",\"dateModified\":\"2026-04-09T11:15:03+00:00\",\"description\":\"Descubre las actividades de Inminer en ingenier\u00eda industrial, medio ambiente, construcci\u00f3n y energ\u00eda. Soluciones t\u00e9cnicas en proyectos, estudios y servicios especializados.\",\"breadcrumb\":{\"@id\":\"https:\/\/inminer.es\/actividades-y-servicios\/#breadcrumb\"},\"inLanguage\":\"en-GB\",\"potentialAction\":[{\"@type\":\"ReadAction\",\"target\":[\"https:\/\/inminer.es\/actividades-y-servicios\/\"]}]},{\"@type\":\"BreadcrumbList\",\"@id\":\"https:\/\/inminer.es\/actividades-y-servicios\/#breadcrumb\",\"itemListElement\":[{\"@type\":\"ListItem\",\"position\":1,\"name\":\"Portada\",\"item\":\"https:\/\/inminer.es\/\"},{\"@type\":\"ListItem\",\"position\":2,\"name\":\"Actividad\"}]},{\"@type\":\"WebSite\",\"@id\":\"https:\/\/inminer.es\/#website\",\"url\":\"https:\/\/inminer.es\/\",\"name\":\"INM\u00cdNER\",\"description\":\"\",\"potentialAction\":[{\"@type\":\"SearchAction\",\"target\":{\"@type\":\"EntryPoint\",\"urlTemplate\":\"https:\/\/inminer.es\/?s={search_term_string}\"},\"query-input\":{\"@type\":\"PropertyValueSpecification\",\"valueRequired\":true,\"valueName\":\"search_term_string\"}}],\"inLanguage\":\"en-GB\"}]}<\/script>\n<!-- \/ Yoast SEO plugin. -->","yoast_head_json":{"title":"Actividades | Inminer","description":"Descubre las actividades de Inminer en ingenier\u00eda industrial, medio ambiente, construcci\u00f3n y energ\u00eda. Soluciones t\u00e9cnicas en proyectos, estudios y servicios especializados.","robots":{"index":"index","follow":"follow","max-snippet":"max-snippet:-1","max-image-preview":"max-image-preview:large","max-video-preview":"max-video-preview:-1"},"canonical":"https:\/\/inminer.es\/en\/actividades-y-servicios\/","og_locale":"en_GB","og_type":"article","og_title":"Actividades | Inminer","og_description":"Descubre las actividades de Inminer en ingenier\u00eda industrial, medio ambiente, construcci\u00f3n y energ\u00eda. Soluciones t\u00e9cnicas en proyectos, estudios y servicios especializados.","og_url":"https:\/\/inminer.es\/en\/actividades-y-servicios\/","og_site_name":"INM\u00cdNER","article_modified_time":"2026-04-09T11:15:03+00:00","twitter_card":"summary_large_image","twitter_misc":{"Estimated reading time":"2 minutes"},"schema":{"@context":"https:\/\/schema.org","@graph":[{"@type":"WebPage","@id":"https:\/\/inminer.es\/actividades-y-servicios\/","url":"https:\/\/inminer.es\/actividades-y-servicios\/","name":"Actividades | Inminer","isPartOf":{"@id":"https:\/\/inminer.es\/#website"},"datePublished":"2023-05-22T16:40:11+00:00","dateModified":"2026-04-09T11:15:03+00:00","description":"Descubre las actividades de Inminer en ingenier\u00eda industrial, medio ambiente, construcci\u00f3n y energ\u00eda. Soluciones t\u00e9cnicas en proyectos, estudios y servicios especializados.","breadcrumb":{"@id":"https:\/\/inminer.es\/actividades-y-servicios\/#breadcrumb"},"inLanguage":"en-GB","potentialAction":[{"@type":"ReadAction","target":["https:\/\/inminer.es\/actividades-y-servicios\/"]}]},{"@type":"BreadcrumbList","@id":"https:\/\/inminer.es\/actividades-y-servicios\/#breadcrumb","itemListElement":[{"@type":"ListItem","position":1,"name":"Portada","item":"https:\/\/inminer.es\/"},{"@type":"ListItem","position":2,"name":"Actividad"}]},{"@type":"WebSite","@id":"https:\/\/inminer.es\/#website","url":"https:\/\/inminer.es\/","name":"INM\u00cdNER","description":"","potentialAction":[{"@type":"SearchAction","target":{"@type":"EntryPoint","urlTemplate":"https:\/\/inminer.es\/?s={search_term_string}"},"query-input":{"@type":"PropertyValueSpecification","valueRequired":true,"valueName":"search_term_string"}}],"inLanguage":"en-GB"}]}},"_links":{"self":[{"href":"https:\/\/inminer.es\/en\/wp-json\/wp\/v2\/pages\/1296","targetHints":{"allow":["GET"]}}],"collection":[{"href":"https:\/\/inminer.es\/en\/wp-json\/wp\/v2\/pages"}],"about":[{"href":"https:\/\/inminer.es\/en\/wp-json\/wp\/v2\/types\/page"}],"author":[{"embeddable":true,"href":"https:\/\/inminer.es\/en\/wp-json\/wp\/v2\/users\/1"}],"replies":[{"embeddable":true,"href":"https:\/\/inminer.es\/en\/wp-json\/wp\/v2\/comments?post=1296"}],"version-history":[{"count":11,"href":"https:\/\/inminer.es\/en\/wp-json\/wp\/v2\/pages\/1296\/revisions"}],"predecessor-version":[{"id":1625,"href":"https:\/\/inminer.es\/en\/wp-json\/wp\/v2\/pages\/1296\/revisions\/1625"}],"wp:attachment":[{"href":"https:\/\/inminer.es\/en\/wp-json\/wp\/v2\/media?parent=1296"}],"curies":[{"name":"wp","href":"https:\/\/api.w.org\/{rel}","templated":true}]}}