{"id":1490,"date":"2023-05-26T12:05:56","date_gmt":"2023-05-26T10:05:56","guid":{"rendered":"https:\/\/inminer.es\/?page_id=1490"},"modified":"2023-06-14T17:58:28","modified_gmt":"2023-06-14T15:58:28","slug":"proyectos","status":"publish","type":"page","link":"https:\/\/inminer.es\/en\/proyectos\/","title":{"rendered":"Projects"},"content":{"rendered":"<div id=\"wpc_69de40f91ecb8\" class=\"vc_row wpb_row vc_row-fluid\">\n\t\t<div class=\"row_inner_wrapper  clearfix\">\n\t\t\t<div class=\"row_inner row_center_content clearfix\"><div class=\"wpb_column vc_column_container vc_col-sm-12\"><div class=\"vc_column-inner\"><div class=\"wpb_wrapper\">\n<div class=\"vc_grid-container-wrapper vc_clearfix vc_grid-animation-fadeIn\">\n\t<div class=\"vc_grid-container vc_clearfix wpb_content_element vc_basic_grid\" data-initial-loading-animation=\"fadeIn\" data-vc-grid-settings=\"{&quot;page_id&quot;:1490,&quot;style&quot;:&quot;all&quot;,&quot;action&quot;:&quot;vc_get_vc_grid_data&quot;,&quot;shortcode_id&quot;:&quot;1685449339509-8ff2cbe7-57d0-6&quot;,&quot;tag&quot;:&quot;vc_basic_grid&quot;}\" data-vc-request=\"https:\/\/inminer.es\/wp-admin\/admin-ajax.php\" data-vc-post-id=\"1490\" data-vc-public-nonce=\"cd8fdbc4f1\">\n\t\t<style data-type=\"vc_shortcodes-custom-css\">.vc_custom_1685095227170{background-color: #f9f9f9 !important;border-radius: 2px !important;}.vc_custom_1685095254036{border-radius: 10px !important;}.vc_custom_1685095272554{background-color: rgba(0,0,0,0.3) !important;*background-color: rgb(0,0,0) !important;border-radius: 10px !important;}.vc_custom_1685095298666{border-radius: 10px !important;}<\/style><div class=\"vc_grid vc_row vc_grid-gutter-30px vc_pageable-wrapper vc_hook_hover\" data-vc-pageable-content=\"true\"><div class=\"vc_pageable-slide-wrapper vc_clearfix\" data-vc-grid-content=\"true\"><div class=\"vc_grid-item vc_clearfix vc_col-sm-12 vc_grid-item-zone-c-bottom\"><div class=\"vc_grid-item-mini vc_clearfix\"><div class=\"vc_gitem-animated-block  vc_gitem-animate vc_gitem-animate-fadeIn\"  data-vc-animation=\"fadeIn\"><div class=\"vc_gitem-zone vc_gitem-zone-a vc_custom_1685095254036 vc-gitem-zone-height-mode-auto vc-gitem-zone-height-mode-auto-16-9 vc_gitem-is-link lazyload\" style=\"background-image:inherit;\" data-bg-image=\"url(&#039;https:\/\/inminer.es\/wp-content\/uploads\/2023\/05\/Sin-titulo-1-1024x483.png&#039;) !important\"><a href=\"https:\/\/inminer.es\/en\/mapa-de-amianto-de-planta-quimica\/\" title=\"CHEMICAL PLANT ASBESTOS MAP\" class=\"vc_gitem-link vc-zone-link\"><\/a><img decoding=\"async\" data-src=\"https:\/\/inminer.es\/wp-content\/uploads\/2023\/05\/Sin-titulo-1-1024x483.png\" class=\"vc_gitem-zone-img lazyload\" alt=\"\" src=\"data:image\/svg+xml;base64,PHN2ZyB3aWR0aD0iMSIgaGVpZ2h0PSIxIiB4bWxucz0iaHR0cDovL3d3dy53My5vcmcvMjAwMC9zdmciPjwvc3ZnPg==\" style=\"--smush-placeholder-width: 1024px; --smush-placeholder-aspect-ratio: 1024\/483;\"><div class=\"vc_gitem-zone-mini\"><\/div><\/div><div class=\"vc_gitem-zone vc_gitem-zone-b vc_custom_1685095272554 vc-gitem-zone-height-mode-auto vc_gitem-is-link\"><a href=\"https:\/\/inminer.es\/en\/mapa-de-amianto-de-planta-quimica\/\" title=\"CHEMICAL PLANT ASBESTOS MAP\" class=\"vc_gitem-link vc-zone-link\"><\/a><div class=\"vc_gitem-zone-mini\"><\/div><\/div><\/div><div class=\"vc_gitem-zone vc_gitem-zone-c vc_custom_1685095227170\"><div class=\"vc_gitem-zone-mini\"><div class=\"vc_gitem_row vc_row vc_gitem-row-position-top\"><div class=\"vc_col-sm-12 vc_gitem-col vc_gitem-col-align-\"><div class=\"vc_custom_heading vc_gitem-post-data vc_gitem-post-data-source-post_title\" ><h2 style=\"font-size: 13px;text-align: left;font-family:Montserrat;font-weight:700;font-style:normal\" >CHEMICAL PLANT ASBESTOS MAP<\/h2><\/div><div class=\"vc_separator wpb_content_element vc_separator_align_center vc_sep_width_100 vc_sep_pos_align_center vc_separator_no_text vc_sep_color_grey\" ><span class=\"vc_sep_holder vc_sep_holder_l\"><span  class=\"vc_sep_line\"><\/span><\/span><span class=\"vc_sep_holder vc_sep_holder_r\"><span  class=\"vc_sep_line\"><\/span><\/span>\n<\/div><div class=\"vc_custom_heading vc_gitem-post-data vc_gitem-post-data-source-post_excerpt\" ><p style=\"text-align: left\" ><p>Tras nuestra experiencia en obras en las que el amianto estuvo presente poniendo en peligro a las personas, entorpeciendo los trabajos, &#8230;<\/p>\n<\/p><\/div><div class=\"vc_btn3-container vc_btn3-center\"><a class=\"vc_general vc_btn3 vc_btn3-size-sm vc_btn3-shape-rounded vc_btn3-style-flat vc_btn3-block vc_btn3-color-white\" a href=\"https:\/\/inminer.es\/en\/mapa-de-amianto-de-planta-quimica\/\" title=\"continue reading\">continue reading<\/a><\/div><\/div><\/div><\/div><\/div><\/div><div class=\"vc_clearfix\"><\/div><\/div><div class=\"vc_grid-item vc_clearfix vc_col-sm-12 vc_grid-item-zone-c-bottom\"><div class=\"vc_grid-item-mini vc_clearfix\"><div class=\"vc_gitem-animated-block  vc_gitem-animate vc_gitem-animate-fadeIn\"  data-vc-animation=\"fadeIn\"><div class=\"vc_gitem-zone vc_gitem-zone-a vc_custom_1685095254036 vc-gitem-zone-height-mode-auto vc-gitem-zone-height-mode-auto-16-9 vc_gitem-is-link lazyload\" style=\"background-image:inherit;\" data-bg-image=\"url(&#039;https:\/\/inminer.es\/wp-content\/uploads\/2023\/05\/WhatsApp-Image-2023-05-26-at-14.57.36-1-1024x766.jpeg&#039;) !important\"><a href=\"https:\/\/inminer.es\/en\/diseno-y-fabricacion-de-brazo-articulado-para-uso-en-explotacion-minera\/\" title=\"DESIGN AND MANUFACTURE OF ARTICULATED ARM FOR USE IN MINING EXPLOITATION\" class=\"vc_gitem-link vc-zone-link\"><\/a><img decoding=\"async\" data-src=\"https:\/\/inminer.es\/wp-content\/uploads\/2023\/05\/WhatsApp-Image-2023-05-26-at-14.57.36-1-1024x766.jpeg\" class=\"vc_gitem-zone-img lazyload\" alt=\"\" src=\"data:image\/svg+xml;base64,PHN2ZyB3aWR0aD0iMSIgaGVpZ2h0PSIxIiB4bWxucz0iaHR0cDovL3d3dy53My5vcmcvMjAwMC9zdmciPjwvc3ZnPg==\" style=\"--smush-placeholder-width: 1024px; --smush-placeholder-aspect-ratio: 1024\/766;\"><div class=\"vc_gitem-zone-mini\"><\/div><\/div><div class=\"vc_gitem-zone vc_gitem-zone-b vc_custom_1685095272554 vc-gitem-zone-height-mode-auto vc_gitem-is-link\"><a href=\"https:\/\/inminer.es\/en\/diseno-y-fabricacion-de-brazo-articulado-para-uso-en-explotacion-minera\/\" title=\"DESIGN AND MANUFACTURE OF ARTICULATED ARM FOR USE IN MINING EXPLOITATION\" class=\"vc_gitem-link vc-zone-link\"><\/a><div class=\"vc_gitem-zone-mini\"><\/div><\/div><\/div><div class=\"vc_gitem-zone vc_gitem-zone-c vc_custom_1685095227170\"><div class=\"vc_gitem-zone-mini\"><div class=\"vc_gitem_row vc_row vc_gitem-row-position-top\"><div class=\"vc_col-sm-12 vc_gitem-col vc_gitem-col-align-\"><div class=\"vc_custom_heading vc_gitem-post-data vc_gitem-post-data-source-post_title\" ><h2 style=\"font-size: 13px;text-align: left;font-family:Montserrat;font-weight:700;font-style:normal\" >DESIGN AND MANUFACTURE OF ARTICULATED ARM FOR USE IN MINING EXPLOITATION<\/h2><\/div><div class=\"vc_separator wpb_content_element vc_separator_align_center vc_sep_width_100 vc_sep_pos_align_center vc_separator_no_text vc_sep_color_grey\" ><span class=\"vc_sep_holder vc_sep_holder_l\"><span  class=\"vc_sep_line\"><\/span><\/span><span class=\"vc_sep_holder vc_sep_holder_r\"><span  class=\"vc_sep_line\"><\/span><\/span>\n<\/div><div class=\"vc_custom_heading vc_gitem-post-data vc_gitem-post-data-source-post_excerpt\" ><p style=\"text-align: left\" ><p>Fruto de una problem\u00e1tica surgida en una explotaci\u00f3n minera relacionada con la obstrucci\u00f3n en el molino, se plante\u00f3 el dise\u00f1o y &#8230;<\/p>\n<\/p><\/div><div class=\"vc_btn3-container vc_btn3-center\"><a class=\"vc_general vc_btn3 vc_btn3-size-sm vc_btn3-shape-rounded vc_btn3-style-flat vc_btn3-block vc_btn3-color-white\" a href=\"https:\/\/inminer.es\/en\/diseno-y-fabricacion-de-brazo-articulado-para-uso-en-explotacion-minera\/\" title=\"continue reading\">continue reading<\/a><\/div><\/div><\/div><\/div><\/div><\/div><div class=\"vc_clearfix\"><\/div><\/div><div class=\"vc_grid-item vc_clearfix vc_col-sm-12 vc_grid-item-zone-c-bottom\"><div class=\"vc_grid-item-mini vc_clearfix\"><div class=\"vc_gitem-animated-block  vc_gitem-animate vc_gitem-animate-fadeIn\"  data-vc-animation=\"fadeIn\"><div class=\"vc_gitem-zone vc_gitem-zone-a vc_custom_1685095254036 vc-gitem-zone-height-mode-auto vc-gitem-zone-height-mode-auto-16-9 vc_gitem-is-link lazyload\" style=\"background-image:inherit;\" data-bg-image=\"url(&#039;https:\/\/inminer.es\/wp-content\/uploads\/2023\/05\/hoya-1024x577.jpg&#039;) !important\"><a href=\"https:\/\/inminer.es\/en\/proyecto-de-restauracion-del-maar-de-la-hoya-del-mortero-ciudad-real\/\" title=\"RESTORATION PROJECT OF THE MAAR OF HOYA DEL MORTERO (CIUDAD REAL)\" class=\"vc_gitem-link vc-zone-link\"><\/a><img decoding=\"async\" data-src=\"https:\/\/inminer.es\/wp-content\/uploads\/2023\/05\/hoya-1024x577.jpg\" class=\"vc_gitem-zone-img lazyload\" alt=\"\" src=\"data:image\/svg+xml;base64,PHN2ZyB3aWR0aD0iMSIgaGVpZ2h0PSIxIiB4bWxucz0iaHR0cDovL3d3dy53My5vcmcvMjAwMC9zdmciPjwvc3ZnPg==\" style=\"--smush-placeholder-width: 1024px; --smush-placeholder-aspect-ratio: 1024\/577;\"><div class=\"vc_gitem-zone-mini\"><\/div><\/div><div class=\"vc_gitem-zone vc_gitem-zone-b vc_custom_1685095272554 vc-gitem-zone-height-mode-auto vc_gitem-is-link\"><a href=\"https:\/\/inminer.es\/en\/proyecto-de-restauracion-del-maar-de-la-hoya-del-mortero-ciudad-real\/\" title=\"RESTORATION PROJECT OF THE MAAR OF HOYA DEL MORTERO (CIUDAD REAL)\" class=\"vc_gitem-link vc-zone-link\"><\/a><div class=\"vc_gitem-zone-mini\"><\/div><\/div><\/div><div class=\"vc_gitem-zone vc_gitem-zone-c vc_custom_1685095227170\"><div class=\"vc_gitem-zone-mini\"><div class=\"vc_gitem_row vc_row vc_gitem-row-position-top\"><div class=\"vc_col-sm-12 vc_gitem-col vc_gitem-col-align-\"><div class=\"vc_custom_heading vc_gitem-post-data vc_gitem-post-data-source-post_title\" ><h2 style=\"font-size: 13px;text-align: left;font-family:Montserrat;font-weight:700;font-style:normal\" >RESTORATION PROJECT OF THE MAAR OF HOYA DEL MORTERO (CIUDAD REAL)<\/h2><\/div><div class=\"vc_separator wpb_content_element vc_separator_align_center vc_sep_width_100 vc_sep_pos_align_center vc_separator_no_text vc_sep_color_grey\" ><span class=\"vc_sep_holder vc_sep_holder_l\"><span  class=\"vc_sep_line\"><\/span><\/span><span class=\"vc_sep_holder vc_sep_holder_r\"><span  class=\"vc_sep_line\"><\/span><\/span>\n<\/div><div class=\"vc_custom_heading vc_gitem-post-data vc_gitem-post-data-source-post_excerpt\" ><p style=\"text-align: left\" ><p>Nuestro compromiso con un futuro sostenible es tal que, tras llegar a nuestro conocimiento la situaci\u00f3n medioambiental del entorno natural del &#8230;<\/p>\n<\/p><\/div><div class=\"vc_btn3-container vc_btn3-center\"><a class=\"vc_general vc_btn3 vc_btn3-size-sm vc_btn3-shape-rounded vc_btn3-style-flat vc_btn3-block vc_btn3-color-white\" a href=\"https:\/\/inminer.es\/en\/proyecto-de-restauracion-del-maar-de-la-hoya-del-mortero-ciudad-real\/\" title=\"continue reading\">continue reading<\/a><\/div><\/div><\/div><\/div><\/div><\/div><div class=\"vc_clearfix\"><\/div><\/div><\/div><\/div>\n\t<\/div>\n<\/div><\/div><\/div><\/div>\n\t\t\t<\/div>\n\t\t<\/div>\n<\/div>","protected":false},"excerpt":{"rendered":"MAPA DE AMIANTO DE PLANTA QU\u00cdMICA Tras nuestra experiencia en obras en las que el amianto estuvo presente poniendo en peligro ...","protected":false},"author":1,"featured_media":0,"parent":0,"menu_order":0,"comment_status":"closed","ping_status":"closed","template":"","meta":{"footnotes":""},"class_list":["post-1490","page","type-page","status-publish","hentry"],"yoast_head":"<!-- This site is optimized with the Yoast SEO plugin v26.9 - https:\/\/yoast.com\/product\/yoast-seo-wordpress\/ -->\n<title>Proyectos - INM\u00cdNER<\/title>\n<meta name=\"robots\" content=\"index, follow, max-snippet:-1, max-image-preview:large, max-video-preview:-1\" \/>\n<link rel=\"canonical\" href=\"https:\/\/inminer.es\/en\/proyectos\/\" \/>\n<meta property=\"og:locale\" content=\"en_GB\" \/>\n<meta property=\"og:type\" content=\"article\" \/>\n<meta property=\"og:title\" content=\"Proyectos - INM\u00cdNER\" \/>\n<meta property=\"og:url\" content=\"https:\/\/inminer.es\/en\/proyectos\/\" \/>\n<meta property=\"og:site_name\" content=\"INM\u00cdNER\" \/>\n<meta property=\"article:modified_time\" content=\"2023-06-14T15:58:28+00:00\" \/>\n<meta name=\"twitter:card\" content=\"summary_large_image\" \/>\n<meta name=\"twitter:label1\" content=\"Estimated reading time\" \/>\n\t<meta name=\"twitter:data1\" content=\"1 minute\" \/>\n<script type=\"application\/ld+json\" class=\"yoast-schema-graph\">{\"@context\":\"https:\/\/schema.org\",\"@graph\":[{\"@type\":\"WebPage\",\"@id\":\"https:\/\/inminer.es\/proyectos\/\",\"url\":\"https:\/\/inminer.es\/proyectos\/\",\"name\":\"Proyectos - INM\u00cdNER\",\"isPartOf\":{\"@id\":\"https:\/\/inminer.es\/#website\"},\"datePublished\":\"2023-05-26T10:05:56+00:00\",\"dateModified\":\"2023-06-14T15:58:28+00:00\",\"breadcrumb\":{\"@id\":\"https:\/\/inminer.es\/proyectos\/#breadcrumb\"},\"inLanguage\":\"en-GB\",\"potentialAction\":[{\"@type\":\"ReadAction\",\"target\":[\"https:\/\/inminer.es\/proyectos\/\"]}]},{\"@type\":\"BreadcrumbList\",\"@id\":\"https:\/\/inminer.es\/proyectos\/#breadcrumb\",\"itemListElement\":[{\"@type\":\"ListItem\",\"position\":1,\"name\":\"Portada\",\"item\":\"https:\/\/inminer.es\/\"},{\"@type\":\"ListItem\",\"position\":2,\"name\":\"Proyectos\"}]},{\"@type\":\"WebSite\",\"@id\":\"https:\/\/inminer.es\/#website\",\"url\":\"https:\/\/inminer.es\/\",\"name\":\"INM\u00cdNER\",\"description\":\"\",\"potentialAction\":[{\"@type\":\"SearchAction\",\"target\":{\"@type\":\"EntryPoint\",\"urlTemplate\":\"https:\/\/inminer.es\/?s={search_term_string}\"},\"query-input\":{\"@type\":\"PropertyValueSpecification\",\"valueRequired\":true,\"valueName\":\"search_term_string\"}}],\"inLanguage\":\"en-GB\"}]}<\/script>\n<!-- \/ Yoast SEO plugin. -->","yoast_head_json":{"title":"Proyectos - INM\u00cdNER","robots":{"index":"index","follow":"follow","max-snippet":"max-snippet:-1","max-image-preview":"max-image-preview:large","max-video-preview":"max-video-preview:-1"},"canonical":"https:\/\/inminer.es\/en\/proyectos\/","og_locale":"en_GB","og_type":"article","og_title":"Proyectos - INM\u00cdNER","og_url":"https:\/\/inminer.es\/en\/proyectos\/","og_site_name":"INM\u00cdNER","article_modified_time":"2023-06-14T15:58:28+00:00","twitter_card":"summary_large_image","twitter_misc":{"Estimated reading time":"1 minute"},"schema":{"@context":"https:\/\/schema.org","@graph":[{"@type":"WebPage","@id":"https:\/\/inminer.es\/proyectos\/","url":"https:\/\/inminer.es\/proyectos\/","name":"Proyectos - INM\u00cdNER","isPartOf":{"@id":"https:\/\/inminer.es\/#website"},"datePublished":"2023-05-26T10:05:56+00:00","dateModified":"2023-06-14T15:58:28+00:00","breadcrumb":{"@id":"https:\/\/inminer.es\/proyectos\/#breadcrumb"},"inLanguage":"en-GB","potentialAction":[{"@type":"ReadAction","target":["https:\/\/inminer.es\/proyectos\/"]}]},{"@type":"BreadcrumbList","@id":"https:\/\/inminer.es\/proyectos\/#breadcrumb","itemListElement":[{"@type":"ListItem","position":1,"name":"Portada","item":"https:\/\/inminer.es\/"},{"@type":"ListItem","position":2,"name":"Proyectos"}]},{"@type":"WebSite","@id":"https:\/\/inminer.es\/#website","url":"https:\/\/inminer.es\/","name":"INM\u00cdNER","description":"","potentialAction":[{"@type":"SearchAction","target":{"@type":"EntryPoint","urlTemplate":"https:\/\/inminer.es\/?s={search_term_string}"},"query-input":{"@type":"PropertyValueSpecification","valueRequired":true,"valueName":"search_term_string"}}],"inLanguage":"en-GB"}]}},"_links":{"self":[{"href":"https:\/\/inminer.es\/en\/wp-json\/wp\/v2\/pages\/1490","targetHints":{"allow":["GET"]}}],"collection":[{"href":"https:\/\/inminer.es\/en\/wp-json\/wp\/v2\/pages"}],"about":[{"href":"https:\/\/inminer.es\/en\/wp-json\/wp\/v2\/types\/page"}],"author":[{"embeddable":true,"href":"https:\/\/inminer.es\/en\/wp-json\/wp\/v2\/users\/1"}],"replies":[{"embeddable":true,"href":"https:\/\/inminer.es\/en\/wp-json\/wp\/v2\/comments?post=1490"}],"version-history":[{"count":5,"href":"https:\/\/inminer.es\/en\/wp-json\/wp\/v2\/pages\/1490\/revisions"}],"predecessor-version":[{"id":1688,"href":"https:\/\/inminer.es\/en\/wp-json\/wp\/v2\/pages\/1490\/revisions\/1688"}],"wp:attachment":[{"href":"https:\/\/inminer.es\/en\/wp-json\/wp\/v2\/media?parent=1490"}],"curies":[{"name":"wp","href":"https:\/\/api.w.org\/{rel}","templated":true}]}}