{"id":1594,"date":"2023-05-30T14:45:45","date_gmt":"2023-05-30T12:45:45","guid":{"rendered":"https:\/\/inminer.es\/?page_id=1594"},"modified":"2023-06-01T09:57:11","modified_gmt":"2023-06-01T07:57:11","slug":"unete-a-nosotros-2","status":"publish","type":"page","link":"https:\/\/inminer.es\/en\/unete-a-nosotros-2\/","title":{"rendered":"JOIN US"},"content":{"rendered":"<div class=\"wp-block-contact-form-7-contact-form-selector\">\n<div class=\"wpcf7 no-js\" id=\"wpcf7-f1598-o1\" lang=\"es-ES\" dir=\"ltr\" data-wpcf7-id=\"1598\">\n<div class=\"screen-reader-response\"><p role=\"status\" aria-live=\"polite\" aria-atomic=\"true\"><\/p> <ul><\/ul><\/div>\n<form action=\"\/en\/wp-json\/wp\/v2\/pages\/1594#wpcf7-f1598-o1\" method=\"post\" class=\"wpcf7-form init\" aria-label=\"Formulario de contacto\" enctype=\"multipart\/form-data\" novalidate=\"novalidate\" data-status=\"init\" data-trp-original-action=\"\/en\/wp-json\/wp\/v2\/pages\/1594#wpcf7-f1598-o1\">\n<fieldset class=\"hidden-fields-container\"><input type=\"hidden\" name=\"_wpcf7\" value=\"1598\" \/><input type=\"hidden\" name=\"_wpcf7_version\" value=\"6.1.5\" \/><input type=\"hidden\" name=\"_wpcf7_locale\" value=\"es_ES\" \/><input type=\"hidden\" name=\"_wpcf7_unit_tag\" value=\"wpcf7-f1598-o1\" \/><input type=\"hidden\" name=\"_wpcf7_container_post\" value=\"0\" \/><input type=\"hidden\" name=\"_wpcf7_posted_data_hash\" value=\"\" \/><input type=\"hidden\" name=\"_wpcf7_recaptcha_response\" value=\"\" \/>\n<\/fieldset>\n<p><label> Full name<br \/>\n<span class=\"wpcf7-form-control-wrap\" data-name=\"your-name\"><input size=\"40\" maxlength=\"400\" class=\"wpcf7-form-control wpcf7-text wpcf7-validates-as-required\" autocomplete=\"name\" aria-required=\"true\" aria-invalid=\"false\" value=\"\" type=\"text\" name=\"your-name\" \/><\/span> <\/label>\n<\/p>\n<p><label> E-mail<br \/>\n<span class=\"wpcf7-form-control-wrap\" data-name=\"your-email\"><input size=\"40\" maxlength=\"400\" class=\"wpcf7-form-control wpcf7-email wpcf7-validates-as-required wpcf7-text wpcf7-validates-as-email\" autocomplete=\"email\" aria-required=\"true\" aria-invalid=\"false\" value=\"\" type=\"email\" name=\"your-email\" \/><\/span> <\/label>\n<\/p>\n<p><label> Tlf. number<br \/>\n<span class=\"wpcf7-form-control-wrap\" data-name=\"tel-740\"><input size=\"40\" maxlength=\"400\" class=\"wpcf7-form-control wpcf7-tel wpcf7-text wpcf7-validates-as-tel\" aria-invalid=\"false\" value=\"\" type=\"tel\" name=\"tel-740\" \/><\/span> <\/label>\n<\/p>\n<p><label> Message<br \/>\n<span class=\"wpcf7-form-control-wrap\" data-name=\"your-message\"><textarea cols=\"40\" rows=\"10\" maxlength=\"2000\" class=\"wpcf7-form-control wpcf7-textarea\" aria-invalid=\"false\" name=\"your-message\"><\/textarea><\/span> <\/label>\n<\/p>\n<p><label> Adjunta tu CV<br \/>\n<span class=\"wpcf7-form-control-wrap\" data-name=\"file-726\"><input size=\"40\" class=\"wpcf7-form-control wpcf7-file\" accept=\".doc,.docx,.pdf,.zip,.jpeg,.jpg\" aria-invalid=\"false\" type=\"file\" name=\"file-726\" \/><\/span><\/label>\n<\/p>\n<p><span class=\"wpcf7-form-control-wrap\" data-name=\"acceptance-671\"><span class=\"wpcf7-form-control wpcf7-acceptance\"><span class=\"wpcf7-list-item\"><label class=\"translation-block\">I have read and accept the terms of the privacy and data protection policy and data protection<\/label><\/span><\/span><\/span>\n<\/p>\n<p><input class=\"wpcf7-form-control wpcf7-submit has-spinner\" type=\"submit\" value=\"Enviar\" \/>\n<\/p><div class=\"wpcf7-response-output\" aria-hidden=\"true\"><\/div>\n<input type=\"hidden\" name=\"trp-form-language\" value=\"en\"\/><\/form>\n<\/div>\n<\/div>\n\n\n\n<p><\/p>","protected":false},"excerpt":{"rendered":"Nombre y apellidos Correo electr\u00f3nico N\u00famero de tel\u00e9fono Mensaje Adjunta tu CV He le\u00eddo y acepto los t\u00e9rminos de la pol\u00edtica ...","protected":false},"author":6,"featured_media":0,"parent":0,"menu_order":0,"comment_status":"closed","ping_status":"closed","template":"","meta":{"footnotes":""},"class_list":["post-1594","page","type-page","status-publish","hentry"],"yoast_head":"<!-- This site is optimized with the Yoast SEO plugin v26.9 - https:\/\/yoast.com\/product\/yoast-seo-wordpress\/ -->\n<title>\u00daNETE A NOSOTROS - INM\u00cdNER<\/title>\n<meta name=\"robots\" content=\"index, follow, max-snippet:-1, max-image-preview:large, max-video-preview:-1\" \/>\n<link rel=\"canonical\" href=\"https:\/\/inminer.es\/en\/unete-a-nosotros-2\/\" \/>\n<meta property=\"og:locale\" content=\"en_GB\" \/>\n<meta property=\"og:type\" content=\"article\" \/>\n<meta property=\"og:title\" content=\"\u00daNETE A NOSOTROS - INM\u00cdNER\" \/>\n<meta property=\"og:url\" content=\"https:\/\/inminer.es\/en\/unete-a-nosotros-2\/\" \/>\n<meta property=\"og:site_name\" content=\"INM\u00cdNER\" \/>\n<meta property=\"article:modified_time\" content=\"2023-06-01T07:57:11+00:00\" \/>\n<meta name=\"twitter:card\" content=\"summary_large_image\" \/>\n<script type=\"application\/ld+json\" class=\"yoast-schema-graph\">{\"@context\":\"https:\/\/schema.org\",\"@graph\":[{\"@type\":\"WebPage\",\"@id\":\"https:\/\/inminer.es\/unete-a-nosotros-2\/\",\"url\":\"https:\/\/inminer.es\/unete-a-nosotros-2\/\",\"name\":\"\u00daNETE A NOSOTROS - INM\u00cdNER\",\"isPartOf\":{\"@id\":\"https:\/\/inminer.es\/#website\"},\"datePublished\":\"2023-05-30T12:45:45+00:00\",\"dateModified\":\"2023-06-01T07:57:11+00:00\",\"breadcrumb\":{\"@id\":\"https:\/\/inminer.es\/unete-a-nosotros-2\/#breadcrumb\"},\"inLanguage\":\"en-GB\",\"potentialAction\":[{\"@type\":\"ReadAction\",\"target\":[\"https:\/\/inminer.es\/unete-a-nosotros-2\/\"]}]},{\"@type\":\"BreadcrumbList\",\"@id\":\"https:\/\/inminer.es\/unete-a-nosotros-2\/#breadcrumb\",\"itemListElement\":[{\"@type\":\"ListItem\",\"position\":1,\"name\":\"Portada\",\"item\":\"https:\/\/inminer.es\/\"},{\"@type\":\"ListItem\",\"position\":2,\"name\":\"\u00daNETE A NOSOTROS\"}]},{\"@type\":\"WebSite\",\"@id\":\"https:\/\/inminer.es\/#website\",\"url\":\"https:\/\/inminer.es\/\",\"name\":\"INM\u00cdNER\",\"description\":\"\",\"potentialAction\":[{\"@type\":\"SearchAction\",\"target\":{\"@type\":\"EntryPoint\",\"urlTemplate\":\"https:\/\/inminer.es\/?s={search_term_string}\"},\"query-input\":{\"@type\":\"PropertyValueSpecification\",\"valueRequired\":true,\"valueName\":\"search_term_string\"}}],\"inLanguage\":\"en-GB\"}]}<\/script>\n<!-- \/ Yoast SEO plugin. -->","yoast_head_json":{"title":"\u00daNETE A NOSOTROS - INM\u00cdNER","robots":{"index":"index","follow":"follow","max-snippet":"max-snippet:-1","max-image-preview":"max-image-preview:large","max-video-preview":"max-video-preview:-1"},"canonical":"https:\/\/inminer.es\/en\/unete-a-nosotros-2\/","og_locale":"en_GB","og_type":"article","og_title":"\u00daNETE A NOSOTROS - INM\u00cdNER","og_url":"https:\/\/inminer.es\/en\/unete-a-nosotros-2\/","og_site_name":"INM\u00cdNER","article_modified_time":"2023-06-01T07:57:11+00:00","twitter_card":"summary_large_image","schema":{"@context":"https:\/\/schema.org","@graph":[{"@type":"WebPage","@id":"https:\/\/inminer.es\/unete-a-nosotros-2\/","url":"https:\/\/inminer.es\/unete-a-nosotros-2\/","name":"\u00daNETE A NOSOTROS - INM\u00cdNER","isPartOf":{"@id":"https:\/\/inminer.es\/#website"},"datePublished":"2023-05-30T12:45:45+00:00","dateModified":"2023-06-01T07:57:11+00:00","breadcrumb":{"@id":"https:\/\/inminer.es\/unete-a-nosotros-2\/#breadcrumb"},"inLanguage":"en-GB","potentialAction":[{"@type":"ReadAction","target":["https:\/\/inminer.es\/unete-a-nosotros-2\/"]}]},{"@type":"BreadcrumbList","@id":"https:\/\/inminer.es\/unete-a-nosotros-2\/#breadcrumb","itemListElement":[{"@type":"ListItem","position":1,"name":"Portada","item":"https:\/\/inminer.es\/"},{"@type":"ListItem","position":2,"name":"\u00daNETE A NOSOTROS"}]},{"@type":"WebSite","@id":"https:\/\/inminer.es\/#website","url":"https:\/\/inminer.es\/","name":"INM\u00cdNER","description":"","potentialAction":[{"@type":"SearchAction","target":{"@type":"EntryPoint","urlTemplate":"https:\/\/inminer.es\/?s={search_term_string}"},"query-input":{"@type":"PropertyValueSpecification","valueRequired":true,"valueName":"search_term_string"}}],"inLanguage":"en-GB"}]}},"_links":{"self":[{"href":"https:\/\/inminer.es\/en\/wp-json\/wp\/v2\/pages\/1594","targetHints":{"allow":["GET"]}}],"collection":[{"href":"https:\/\/inminer.es\/en\/wp-json\/wp\/v2\/pages"}],"about":[{"href":"https:\/\/inminer.es\/en\/wp-json\/wp\/v2\/types\/page"}],"author":[{"embeddable":true,"href":"https:\/\/inminer.es\/en\/wp-json\/wp\/v2\/users\/6"}],"replies":[{"embeddable":true,"href":"https:\/\/inminer.es\/en\/wp-json\/wp\/v2\/comments?post=1594"}],"version-history":[{"count":1,"href":"https:\/\/inminer.es\/en\/wp-json\/wp\/v2\/pages\/1594\/revisions"}],"predecessor-version":[{"id":1600,"href":"https:\/\/inminer.es\/en\/wp-json\/wp\/v2\/pages\/1594\/revisions\/1600"}],"wp:attachment":[{"href":"https:\/\/inminer.es\/en\/wp-json\/wp\/v2\/media?parent=1594"}],"curies":[{"name":"wp","href":"https:\/\/api.w.org\/{rel}","templated":true}]}}