{"id":1717,"date":"2023-06-15T08:50:27","date_gmt":"2023-06-15T06:50:27","guid":{"rendered":"https:\/\/inminer.es\/?page_id=1717"},"modified":"2026-04-16T08:08:11","modified_gmt":"2026-04-16T06:08:11","slug":"quienes-somos-inminer","status":"publish","type":"page","link":"https:\/\/inminer.es\/en\/quienes-somos-inminer\/","title":{"rendered":"About us"},"content":{"rendered":"<div id=\"wpc_69e0dbff00d81\" class=\"vc_row wpb_row vc_row-fluid\">\n\t\t<div class=\"row_inner_wrapper  clearfix\" style=\"padding-bottom: 40px;\">\n\t\t\t<div class=\"row_inner row_center_content clearfix\"><div class=\"wpb_column vc_column_container vc_col-sm-4\"><div class=\"vc_column-inner\"><div class=\"wpb_wrapper\">\n\t<div  class=\"wpb_single_image wpb_content_element vc_align_left\">\n\t\t\n\t\t<figure class=\"wpb_wrapper vc_figure\">\n\t\t\t<div class=\"vc_single_image-wrapper   vc_box_border_grey\"><\/div>\n\t\t<\/figure>\n\t<\/div>\n\n\t<div class=\"wpb_text_column wpb_content_element\" >\n\t\t<div class=\"wpb_wrapper\">\n\t\t\t<h3 style=\"margin-top: -25px; margin-bottom: 0px; text-align: center;\"><strong>Pedro Mesas<\/strong><\/h3>\n<p style=\"text-align: center;\"><em>Engineering Manager<br \/>\n<span style=\"color: #ffffff;\">.<\/span><\/em><\/p>\n<p style=\"text-align: center;\">926 21 94 17<br \/>\npedro@inminer.es<\/p>\n\n\t\t<\/div>\n\t<\/div>\n<\/div><\/div><\/div><div class=\"wpb_column vc_column_container vc_col-sm-4\"><div class=\"vc_column-inner\"><div class=\"wpb_wrapper\">\n\t<div  class=\"wpb_single_image wpb_content_element vc_align_left\">\n\t\t\n\t\t<figure class=\"wpb_wrapper vc_figure\">\n\t\t\t<div class=\"vc_single_image-wrapper   vc_box_border_grey\"><img decoding=\"async\" width=\"800\" height=\"1067\" data-src=\"https:\/\/inminer.es\/wp-content\/uploads\/2023\/03\/inminer-equipo-6.jpg\" class=\"vc_single_image-img attachment-full lazyload\" alt=\"\" data-srcset=\"https:\/\/inminer.es\/wp-content\/uploads\/2023\/03\/inminer-equipo-6.jpg 800w, https:\/\/inminer.es\/wp-content\/uploads\/2023\/03\/inminer-equipo-6-225x300.jpg 225w, https:\/\/inminer.es\/wp-content\/uploads\/2023\/03\/inminer-equipo-6-768x1024.jpg 768w\" data-sizes=\"(max-width: 800px) 100vw, 800px\" src=\"data:image\/svg+xml;base64,PHN2ZyB3aWR0aD0iMSIgaGVpZ2h0PSIxIiB4bWxucz0iaHR0cDovL3d3dy53My5vcmcvMjAwMC9zdmciPjwvc3ZnPg==\" style=\"--smush-placeholder-width: 800px; --smush-placeholder-aspect-ratio: 800\/1067;\" \/><\/div>\n\t\t<\/figure>\n\t<\/div>\n\n\t<div class=\"wpb_text_column wpb_content_element\" >\n\t\t<div class=\"wpb_wrapper\">\n\t\t\t<h3 style=\"margin-top: -25px; margin-bottom: 0px; text-align: center;\"><strong>Beatriz P\u00e9rez<\/strong><\/h3>\n<p style=\"text-align: center;\">Administrative-financial and accounting department<\/p>\n<p style=\"text-align: center;\">681 27 26 43<br \/>\nadministracion@inminer.es<\/p>\n\n\t\t<\/div>\n\t<\/div>\n<\/div><\/div><\/div><div class=\"wpb_column vc_column_container vc_col-sm-4\"><div class=\"vc_column-inner\"><div class=\"wpb_wrapper\">\n\t<div  class=\"wpb_single_image wpb_content_element vc_align_left\">\n\t\t\n\t\t<figure class=\"wpb_wrapper vc_figure\">\n\t\t\t<div class=\"vc_single_image-wrapper   vc_box_border_grey\"><img decoding=\"async\" width=\"800\" height=\"1067\" data-src=\"https:\/\/inminer.es\/wp-content\/uploads\/2023\/03\/inminer-equipo-7.jpg\" class=\"vc_single_image-img attachment-full lazyload\" alt=\"\" data-srcset=\"https:\/\/inminer.es\/wp-content\/uploads\/2023\/03\/inminer-equipo-7.jpg 800w, https:\/\/inminer.es\/wp-content\/uploads\/2023\/03\/inminer-equipo-7-225x300.jpg 225w, https:\/\/inminer.es\/wp-content\/uploads\/2023\/03\/inminer-equipo-7-768x1024.jpg 768w\" data-sizes=\"(max-width: 800px) 100vw, 800px\" src=\"data:image\/svg+xml;base64,PHN2ZyB3aWR0aD0iMSIgaGVpZ2h0PSIxIiB4bWxucz0iaHR0cDovL3d3dy53My5vcmcvMjAwMC9zdmciPjwvc3ZnPg==\" style=\"--smush-placeholder-width: 800px; --smush-placeholder-aspect-ratio: 800\/1067;\" \/><\/div>\n\t\t<\/figure>\n\t<\/div>\n\n\t<div class=\"wpb_text_column wpb_content_element\" >\n\t\t<div class=\"wpb_wrapper\">\n\t\t\t<h3 style=\"margin-top: -25px; margin-bottom: 0px; text-align: center;\"><strong>Consuelo Garc\u00eda<\/strong><\/h3>\n<p style=\"text-align: center;\">Laboratory technician. ISO 17020 Quality Manager.<\/p>\n<p style=\"text-align: center;\">689 11 47 35<br \/>\nelo.garcia@inminer.es<\/p>\n\n\t\t<\/div>\n\t<\/div>\n<\/div><\/div><\/div>\n\t\t\t<\/div>\n\t\t<\/div>\n<\/div>\n<div id=\"wpc_69e0dbff042fb\" class=\"vc_row wpb_row vc_row-fluid\">\n\t\t<div class=\"row_inner_wrapper  clearfix\" style=\"padding-top: 20px;padding-bottom: 40px;\">\n\t\t\t<div class=\"row_inner row_center_content clearfix\"><div class=\"wpb_column vc_column_container vc_col-sm-4\"><div class=\"vc_column-inner\"><div class=\"wpb_wrapper\">\n\t<div  class=\"wpb_single_image wpb_content_element vc_align_left\">\n\t\t\n\t\t<figure class=\"wpb_wrapper vc_figure\">\n\t\t\t<div class=\"vc_single_image-wrapper   vc_box_border_grey\"><img decoding=\"async\" width=\"800\" height=\"1067\" data-src=\"https:\/\/inminer.es\/wp-content\/uploads\/2023\/03\/inminer-equipo-2-azul.jpg\" class=\"vc_single_image-img attachment-full lazyload\" alt=\"\" data-srcset=\"https:\/\/inminer.es\/wp-content\/uploads\/2023\/03\/inminer-equipo-2-azul.jpg 800w, https:\/\/inminer.es\/wp-content\/uploads\/2023\/03\/inminer-equipo-2-azul-225x300.jpg 225w, https:\/\/inminer.es\/wp-content\/uploads\/2023\/03\/inminer-equipo-2-azul-768x1024.jpg 768w\" data-sizes=\"(max-width: 800px) 100vw, 800px\" src=\"data:image\/svg+xml;base64,PHN2ZyB3aWR0aD0iMSIgaGVpZ2h0PSIxIiB4bWxucz0iaHR0cDovL3d3dy53My5vcmcvMjAwMC9zdmciPjwvc3ZnPg==\" style=\"--smush-placeholder-width: 800px; --smush-placeholder-aspect-ratio: 800\/1067;\" \/><\/div>\n\t\t<\/figure>\n\t<\/div>\n\n\t<div class=\"wpb_text_column wpb_content_element\" >\n\t\t<div class=\"wpb_wrapper\">\n\t\t\t<h3 style=\"margin-top: -25px; margin-bottom: 0px; text-align: center;\"><strong>Jes\u00fas C\u00f3rdoba<\/strong><\/h3>\n<p style=\"text-align: center;\"><em>Environment Department<br \/>\n<span style=\"color: #ffffff;\">.<\/span><\/em><\/p>\n<p style=\"text-align: center;\">696 48 86 33<br \/>\njesus.cordoba@inminer.es<\/p>\n\n\t\t<\/div>\n\t<\/div>\n<\/div><\/div><\/div><div class=\"wpb_column vc_column_container vc_col-sm-4\"><div class=\"vc_column-inner\"><div class=\"wpb_wrapper\">\n\t<div  class=\"wpb_single_image wpb_content_element vc_align_left\">\n\t\t\n\t\t<figure class=\"wpb_wrapper vc_figure\">\n\t\t\t<div class=\"vc_single_image-wrapper   vc_box_border_grey\"><img decoding=\"async\" width=\"800\" height=\"1067\" data-src=\"https:\/\/inminer.es\/wp-content\/uploads\/2023\/03\/inminer-equipo-3.jpg\" class=\"vc_single_image-img attachment-full lazyload\" alt=\"\" data-srcset=\"https:\/\/inminer.es\/wp-content\/uploads\/2023\/03\/inminer-equipo-3.jpg 800w, https:\/\/inminer.es\/wp-content\/uploads\/2023\/03\/inminer-equipo-3-225x300.jpg 225w, https:\/\/inminer.es\/wp-content\/uploads\/2023\/03\/inminer-equipo-3-768x1024.jpg 768w\" data-sizes=\"(max-width: 800px) 100vw, 800px\" src=\"data:image\/svg+xml;base64,PHN2ZyB3aWR0aD0iMSIgaGVpZ2h0PSIxIiB4bWxucz0iaHR0cDovL3d3dy53My5vcmcvMjAwMC9zdmciPjwvc3ZnPg==\" style=\"--smush-placeholder-width: 800px; --smush-placeholder-aspect-ratio: 800\/1067;\" \/><\/div>\n\t\t<\/figure>\n\t<\/div>\n\n\t<div class=\"wpb_text_column wpb_content_element\" >\n\t\t<div class=\"wpb_wrapper\">\n\t\t\t<h3 style=\"margin-top: -25px; margin-bottom: 0px; text-align: center;\"><strong>Alejandro S\u00e1nchez<\/strong><\/h3>\n<p style=\"text-align: center;\"><em>Industrial Safety Department<br \/>\n<span style=\"color: #ffffff;\">.<\/span><\/em><\/p>\n<p style=\"text-align: center;\">926 21 94 17<br \/>\nalejandro.sanchez@inminer.es<\/p>\n\n\t\t<\/div>\n\t<\/div>\n<\/div><\/div><\/div><div class=\"wpb_column vc_column_container vc_col-sm-4\"><div class=\"vc_column-inner\"><div class=\"wpb_wrapper\">\n\t<div  class=\"wpb_single_image wpb_content_element vc_align_left\">\n\t\t\n\t\t<figure class=\"wpb_wrapper vc_figure\">\n\t\t\t<div class=\"vc_single_image-wrapper   vc_box_border_grey\"><img decoding=\"async\" width=\"800\" height=\"1067\" data-src=\"https:\/\/inminer.es\/wp-content\/uploads\/2023\/03\/inminer-equipo-4-azul.jpg\" class=\"vc_single_image-img attachment-full lazyload\" alt=\"\" data-srcset=\"https:\/\/inminer.es\/wp-content\/uploads\/2023\/03\/inminer-equipo-4-azul.jpg 800w, https:\/\/inminer.es\/wp-content\/uploads\/2023\/03\/inminer-equipo-4-azul-225x300.jpg 225w, https:\/\/inminer.es\/wp-content\/uploads\/2023\/03\/inminer-equipo-4-azul-768x1024.jpg 768w\" data-sizes=\"(max-width: 800px) 100vw, 800px\" src=\"data:image\/svg+xml;base64,PHN2ZyB3aWR0aD0iMSIgaGVpZ2h0PSIxIiB4bWxucz0iaHR0cDovL3d3dy53My5vcmcvMjAwMC9zdmciPjwvc3ZnPg==\" style=\"--smush-placeholder-width: 800px; --smush-placeholder-aspect-ratio: 800\/1067;\" \/><\/div>\n\t\t<\/figure>\n\t<\/div>\n\n\t<div class=\"wpb_text_column wpb_content_element\" >\n\t\t<div class=\"wpb_wrapper\">\n\t\t\t<h3 style=\"margin-top: -25px; margin-bottom: 0px; text-align: center;\"><strong>Pablo Fern\u00e1ndez<\/strong><\/h3>\n<p style=\"text-align: center;\"><em>Department of Construction and Civil Works<br \/>\n<span style=\"color: #ffffff;\">.<\/span><\/em><\/p>\n<p style=\"text-align: center;\">926 21 94 17<br \/>\npablo@inminer.es<\/p>\n\n\t\t<\/div>\n\t<\/div>\n<\/div><\/div><\/div>\n\t\t\t<\/div>\n\t\t<\/div>\n<\/div>","protected":false},"excerpt":{"rendered":"Pedro Mesas Engineering Manager . 926 21 94 17 pedro@inminer.es Beatriz P\u00e9rez Administrative-financial and accounting department 681 27 26 43 administracion@inminer.es ...","protected":false},"author":6,"featured_media":0,"parent":0,"menu_order":0,"comment_status":"closed","ping_status":"closed","template":"","meta":{"footnotes":""},"class_list":["post-1717","page","type-page","status-publish","hentry"],"yoast_head":"<!-- This site is optimized with the Yoast SEO plugin v27.4 - https:\/\/yoast.com\/product\/yoast-seo-wordpress\/ -->\n<title>Qui\u00e9nes Somos | Inminer<\/title>\n<meta name=\"description\" content=\"Conoce qui\u00e9nes somos en Inminer: un equipo especializado en innovaci\u00f3n y tecnolog\u00eda aplicada a la miner\u00eda digital. Descubre nuestra misi\u00f3n, visi\u00f3n y valores.\" \/>\n<meta name=\"robots\" content=\"index, follow, max-snippet:-1, max-image-preview:large, max-video-preview:-1\" \/>\n<link rel=\"canonical\" href=\"https:\/\/inminer.es\/en\/quienes-somos-inminer\/\" \/>\n<meta property=\"og:locale\" content=\"en_GB\" \/>\n<meta property=\"og:type\" content=\"article\" \/>\n<meta property=\"og:title\" content=\"Qui\u00e9nes Somos | Inminer\" \/>\n<meta property=\"og:description\" content=\"Conoce qui\u00e9nes somos en Inminer: un equipo especializado en innovaci\u00f3n y tecnolog\u00eda aplicada a la miner\u00eda digital. Descubre nuestra misi\u00f3n, visi\u00f3n y valores.\" \/>\n<meta property=\"og:url\" content=\"https:\/\/inminer.es\/en\/quienes-somos-inminer\/\" \/>\n<meta property=\"og:site_name\" content=\"INM\u00cdNER\" \/>\n<meta property=\"article:modified_time\" content=\"2026-04-16T06:08:11+00:00\" \/>\n<meta name=\"twitter:card\" content=\"summary_large_image\" \/>\n<meta name=\"twitter:label1\" content=\"Estimated reading time\" \/>\n\t<meta name=\"twitter:data1\" content=\"2 minutes\" \/>\n<script type=\"application\/ld+json\" class=\"yoast-schema-graph\">{\"@context\":\"https:\\\/\\\/schema.org\",\"@graph\":[{\"@type\":\"WebPage\",\"@id\":\"https:\\\/\\\/inminer.es\\\/quienes-somos-inminer\\\/\",\"url\":\"https:\\\/\\\/inminer.es\\\/quienes-somos-inminer\\\/\",\"name\":\"Qui\u00e9nes Somos | Inminer\",\"isPartOf\":{\"@id\":\"https:\\\/\\\/inminer.es\\\/#website\"},\"datePublished\":\"2023-06-15T06:50:27+00:00\",\"dateModified\":\"2026-04-16T06:08:11+00:00\",\"description\":\"Conoce qui\u00e9nes somos en Inminer: un equipo especializado en innovaci\u00f3n y tecnolog\u00eda aplicada a la miner\u00eda digital. Descubre nuestra misi\u00f3n, visi\u00f3n y valores.\",\"breadcrumb\":{\"@id\":\"https:\\\/\\\/inminer.es\\\/quienes-somos-inminer\\\/#breadcrumb\"},\"inLanguage\":\"en-GB\",\"potentialAction\":[{\"@type\":\"ReadAction\",\"target\":[\"https:\\\/\\\/inminer.es\\\/quienes-somos-inminer\\\/\"]}]},{\"@type\":\"BreadcrumbList\",\"@id\":\"https:\\\/\\\/inminer.es\\\/quienes-somos-inminer\\\/#breadcrumb\",\"itemListElement\":[{\"@type\":\"ListItem\",\"position\":1,\"name\":\"Portada\",\"item\":\"https:\\\/\\\/inminer.es\\\/\"},{\"@type\":\"ListItem\",\"position\":2,\"name\":\"Quienes somos\"}]},{\"@type\":\"WebSite\",\"@id\":\"https:\\\/\\\/inminer.es\\\/#website\",\"url\":\"https:\\\/\\\/inminer.es\\\/\",\"name\":\"INM\u00cdNER\",\"description\":\"\",\"potentialAction\":[{\"@type\":\"SearchAction\",\"target\":{\"@type\":\"EntryPoint\",\"urlTemplate\":\"https:\\\/\\\/inminer.es\\\/?s={search_term_string}\"},\"query-input\":{\"@type\":\"PropertyValueSpecification\",\"valueRequired\":true,\"valueName\":\"search_term_string\"}}],\"inLanguage\":\"en-GB\"}]}<\/script>\n<!-- \/ Yoast SEO plugin. -->","yoast_head_json":{"title":"Qui\u00e9nes Somos | Inminer","description":"Conoce qui\u00e9nes somos en Inminer: un equipo especializado en innovaci\u00f3n y tecnolog\u00eda aplicada a la miner\u00eda digital. Descubre nuestra misi\u00f3n, visi\u00f3n y valores.","robots":{"index":"index","follow":"follow","max-snippet":"max-snippet:-1","max-image-preview":"max-image-preview:large","max-video-preview":"max-video-preview:-1"},"canonical":"https:\/\/inminer.es\/en\/quienes-somos-inminer\/","og_locale":"en_GB","og_type":"article","og_title":"Qui\u00e9nes Somos | Inminer","og_description":"Conoce qui\u00e9nes somos en Inminer: un equipo especializado en innovaci\u00f3n y tecnolog\u00eda aplicada a la miner\u00eda digital. Descubre nuestra misi\u00f3n, visi\u00f3n y valores.","og_url":"https:\/\/inminer.es\/en\/quienes-somos-inminer\/","og_site_name":"INM\u00cdNER","article_modified_time":"2026-04-16T06:08:11+00:00","twitter_card":"summary_large_image","twitter_misc":{"Estimated reading time":"2 minutes"},"schema":{"@context":"https:\/\/schema.org","@graph":[{"@type":"WebPage","@id":"https:\/\/inminer.es\/quienes-somos-inminer\/","url":"https:\/\/inminer.es\/quienes-somos-inminer\/","name":"Qui\u00e9nes Somos | Inminer","isPartOf":{"@id":"https:\/\/inminer.es\/#website"},"datePublished":"2023-06-15T06:50:27+00:00","dateModified":"2026-04-16T06:08:11+00:00","description":"Conoce qui\u00e9nes somos en Inminer: un equipo especializado en innovaci\u00f3n y tecnolog\u00eda aplicada a la miner\u00eda digital. Descubre nuestra misi\u00f3n, visi\u00f3n y valores.","breadcrumb":{"@id":"https:\/\/inminer.es\/quienes-somos-inminer\/#breadcrumb"},"inLanguage":"en-GB","potentialAction":[{"@type":"ReadAction","target":["https:\/\/inminer.es\/quienes-somos-inminer\/"]}]},{"@type":"BreadcrumbList","@id":"https:\/\/inminer.es\/quienes-somos-inminer\/#breadcrumb","itemListElement":[{"@type":"ListItem","position":1,"name":"Portada","item":"https:\/\/inminer.es\/"},{"@type":"ListItem","position":2,"name":"Quienes somos"}]},{"@type":"WebSite","@id":"https:\/\/inminer.es\/#website","url":"https:\/\/inminer.es\/","name":"INM\u00cdNER","description":"","potentialAction":[{"@type":"SearchAction","target":{"@type":"EntryPoint","urlTemplate":"https:\/\/inminer.es\/?s={search_term_string}"},"query-input":{"@type":"PropertyValueSpecification","valueRequired":true,"valueName":"search_term_string"}}],"inLanguage":"en-GB"}]}},"_links":{"self":[{"href":"https:\/\/inminer.es\/en\/wp-json\/wp\/v2\/pages\/1717","targetHints":{"allow":["GET"]}}],"collection":[{"href":"https:\/\/inminer.es\/en\/wp-json\/wp\/v2\/pages"}],"about":[{"href":"https:\/\/inminer.es\/en\/wp-json\/wp\/v2\/types\/page"}],"author":[{"embeddable":true,"href":"https:\/\/inminer.es\/en\/wp-json\/wp\/v2\/users\/6"}],"replies":[{"embeddable":true,"href":"https:\/\/inminer.es\/en\/wp-json\/wp\/v2\/comments?post=1717"}],"version-history":[{"count":6,"href":"https:\/\/inminer.es\/en\/wp-json\/wp\/v2\/pages\/1717\/revisions"}],"predecessor-version":[{"id":2003,"href":"https:\/\/inminer.es\/en\/wp-json\/wp\/v2\/pages\/1717\/revisions\/2003"}],"wp:attachment":[{"href":"https:\/\/inminer.es\/en\/wp-json\/wp\/v2\/media?parent=1717"}],"curies":[{"name":"wp","href":"https:\/\/api.w.org\/{rel}","templated":true}]}}