{"id":25,"date":"2015-02-05T10:22:10","date_gmt":"2015-02-05T10:22:10","guid":{"rendered":"http:\/\/wpcharming.wpengine.com\/construction\/?page_id=25"},"modified":"2026-04-08T13:56:40","modified_gmt":"2026-04-08T11:56:40","slug":"contacto","status":"publish","type":"page","link":"https:\/\/inminer.es\/en\/contacto\/","title":{"rendered":"Contact"},"content":{"rendered":"<div id=\"wpc_69e03ca397c47\" class=\"vc_row wpb_row vc_row-fluid\">\n\t\t<div class=\"row_inner_wrapper  clearfix\" style=\"padding-top: 10px;\">\n\t\t\t<div class=\"row_inner container clearfix\">\n\t\t\t\t<div class=\"row_full_center_content clearfix\"><div class=\"wpb_column vc_column_container vc_col-sm-6\"><div class=\"vc_column-inner\"><div class=\"wpb_wrapper\">\n\t<div class=\"custom-heading wpb_content_element\">\n\t\t<h2 class=\"heading-title\" >Write to us<\/h2>\n\t\t<span class=\"heading-line primary\"><\/span>\n\t<\/div>\n<div class=\"wpcf7 no-js\" id=\"wpcf7-f8-o1\" lang=\"es-ES\" dir=\"ltr\" data-wpcf7-id=\"8\">\n<div class=\"screen-reader-response\"><p role=\"status\" aria-live=\"polite\" aria-atomic=\"true\"><\/p> <ul><\/ul><\/div>\n<form action=\"\/en\/wp-json\/wp\/v2\/pages\/25#wpcf7-f8-o1\" method=\"post\" class=\"wpcf7-form init\" aria-label=\"Formulario de contacto\" novalidate=\"novalidate\" data-status=\"init\" data-trp-original-action=\"\/en\/wp-json\/wp\/v2\/pages\/25#wpcf7-f8-o1\">\n<fieldset class=\"hidden-fields-container\"><input type=\"hidden\" name=\"_wpcf7\" value=\"8\" \/><input type=\"hidden\" name=\"_wpcf7_version\" value=\"6.1.5\" \/><input type=\"hidden\" name=\"_wpcf7_locale\" value=\"es_ES\" \/><input type=\"hidden\" name=\"_wpcf7_unit_tag\" value=\"wpcf7-f8-o1\" \/><input type=\"hidden\" name=\"_wpcf7_container_post\" value=\"0\" \/><input type=\"hidden\" name=\"_wpcf7_posted_data_hash\" value=\"\" \/><input type=\"hidden\" name=\"_wpcf7_recaptcha_response\" value=\"\" \/>\n<\/fieldset>\n<p><label> Full name<br \/>\n<span class=\"wpcf7-form-control-wrap\" data-name=\"your-name\"><input size=\"40\" maxlength=\"400\" class=\"wpcf7-form-control wpcf7-text wpcf7-validates-as-required\" autocomplete=\"name\" aria-required=\"true\" aria-invalid=\"false\" value=\"\" type=\"text\" name=\"your-name\" \/><\/span><br \/>\n<\/label>\n<\/p>\n<p><label> E-mail<br \/>\n<span class=\"wpcf7-form-control-wrap\" data-name=\"email-377\"><input size=\"40\" maxlength=\"400\" class=\"wpcf7-form-control wpcf7-email wpcf7-validates-as-required wpcf7-text wpcf7-validates-as-email\" aria-required=\"true\" aria-invalid=\"false\" value=\"\" type=\"email\" name=\"email-377\" \/><\/span><br \/>\n<\/label>\n<\/p>\n<p><label> Telephone number<br \/>\n<span class=\"wpcf7-form-control-wrap\" data-name=\"tel-740\"><input size=\"40\" maxlength=\"400\" class=\"wpcf7-form-control wpcf7-tel wpcf7-text wpcf7-validates-as-tel\" aria-invalid=\"false\" value=\"\" type=\"tel\" name=\"tel-740\" \/><\/span><br \/>\n<\/label>\n<\/p>\n<p><label> Subject<br \/>\n<span class=\"wpcf7-form-control-wrap\" data-name=\"your-subject\"><input size=\"40\" maxlength=\"400\" class=\"wpcf7-form-control wpcf7-text wpcf7-validates-as-required\" aria-required=\"true\" aria-invalid=\"false\" value=\"\" type=\"text\" name=\"your-subject\" \/><\/span><br \/>\n<\/label>\n<\/p>\n<p><label> Message<br \/>\n<span class=\"wpcf7-form-control-wrap\" data-name=\"your-message\"><textarea cols=\"40\" rows=\"10\" maxlength=\"2000\" class=\"wpcf7-form-control wpcf7-textarea\" aria-invalid=\"false\" name=\"your-message\"><\/textarea><\/span><br \/>\n<\/label>\n<\/p>\n<div style=\"margin:8px 0 4px 0;\">\n\t<p><span class=\"wpcf7-form-control-wrap\" data-name=\"acceptance-legal\"><span class=\"wpcf7-form-control wpcf7-acceptance\"><span class=\"wpcf7-list-item\"><label><input type=\"checkbox\" name=\"acceptance-legal\" value=\"1\" aria-invalid=\"false\" \/><span class=\"wpcf7-list-item-label\">Acepto las <a href=\"https:\/\/inminer.es\/pdf\/avisos-legales-inminer.pdf\" target=\"_blank\" rel=\"noopener noreferrer\">Condiciones de Uso<\/a> y la <a href=\"https:\/\/inminer.es\/pdf\/politica-privacidad.pdf\" target=\"_blank\" rel=\"noopener noreferrer\">Pol\u00edtica de Privacidad<\/a> del sitio web.<\/span><\/label><\/span><\/span><\/span>\n\t<\/p>\n<\/div>\n<div style=\"margin:4px 0 8px 0;\">\n\t<p><span class=\"wpcf7-form-control-wrap\" data-name=\"acceptance-comercial\"><span class=\"wpcf7-form-control wpcf7-acceptance optional\"><span class=\"wpcf7-list-item\"><label><input type=\"checkbox\" name=\"acceptance-comercial\" value=\"1\" aria-invalid=\"false\" \/><span class=\"wpcf7-list-item-label\">Acepto recibir informaci\u00f3n comercial de mi inter\u00e9s.<\/span><\/label><\/span><\/span><\/span>\n\t<\/p>\n<\/div>\n<div style=\"font-size:12px; line-height:1.4; margin-top:8px;\">\n\t<p><strong><u>Informaci\u00f3n b\u00e1sica sobre Protecci\u00f3n de Datos.<\/u><\/strong><br \/>\n<strong>Responsable:<\/strong> INM\u00cdNER INGENIER\u00cdA, SL<br \/>\n<strong>Finalidades:<\/strong> Gesti\u00f3n de solicitudes de usuarios<br \/>\n<strong>Legitimaci\u00f3n:<\/strong> Consentimiento del interesado. Cumplimiento de relaci\u00f3n contractual. Inter\u00e9s Leg\u00edtimo.<br \/>\n<strong>Destinatarios:<\/strong> No se ceder\u00e1n datos a terceros salvo obligaci\u00f3n legal o autorizaci\u00f3n del interesado.<br \/>\n<strong>Derechos:<\/strong> Acceder, rectificar, y suprimir los datos, as\u00ed como otros derechos como se explica en la<br \/>\n<a href=\"https:\/\/inminer.es\/pdf\/politica-privacidad.pdf\" target=\"_blank\" rel=\"noopener noreferrer\">informaci\u00f3n adicional<\/a>.\n\t<\/p>\n<\/div>\n<p><input class=\"wpcf7-form-control wpcf7-submit has-spinner\" type=\"submit\" value=\"Enviar\" \/>\n<\/p><div class=\"wpcf7-response-output\" aria-hidden=\"true\"><\/div>\n<input type=\"hidden\" name=\"trp-form-language\" value=\"en\"\/><\/form>\n<\/div>\n<\/div><\/div><\/div><div class=\"wpb_column vc_column_container vc_col-sm-6\"><div class=\"vc_column-inner\"><div class=\"wpb_wrapper\">\n\t<div class=\"custom-heading wpb_content_element\">\n\t\t<h2 class=\"heading-title\" >Where we are<\/h2>\n\t\t<span class=\"heading-line primary\"><\/span>\n\t<\/div><div class=\"vc_row wpb_row vc_inner vc_row-fluid\"><div class=\"wpb_column vc_column_container vc_col-sm-8\"><div class=\"vc_column-inner vc_custom_1423767656799\"><div class=\"wpb_wrapper\">\n\t<div class=\"wpb_text_column wpb_content_element\" >\n\t\t<div class=\"wpb_wrapper\">\n\t\t\t<p><strong>HEADQUARTERS<\/strong><br \/>\nParque Empresarial CEEI<br \/>\nC\/ La Solana, 60<br \/>\n13005 Ciudad Real<\/p>\n\n\t\t<\/div>\n\t<\/div>\n\n\t<div class=\"wpb_raw_code wpb_content_element wpb_raw_html\" >\n\t\t<div class=\"wpb_wrapper\">\n\t\t\t<iframe data-src=\"https:\/\/www.google.com\/maps\/embed?pb=!1m18!1m12!1m3!1d6203.454465540816!2d-3.9376689234071325!3d38.97589594206762!2m3!1f0!2f0!3f0!3m2!1i1024!2i768!4f13.1!3m3!1m2!1s0xd6bc3104ef1347d%3A0xb1c2c994eb591c8c!2sInminer%20Ingenier%C3%ADa%20S.L!5e0!3m2!1ses!2ses!4v1712905131622!5m2!1ses!2ses\" width=\"600\" height=\"450\" style=\"border:0;\" allowfullscreen=\"\" referrerpolicy=\"no-referrer-when-downgrade\" src=\"data:image\/svg+xml;base64,PHN2ZyB3aWR0aD0iMSIgaGVpZ2h0PSIxIiB4bWxucz0iaHR0cDovL3d3dy53My5vcmcvMjAwMC9zdmciPjwvc3ZnPg==\" class=\"lazyload\" data-load-mode=\"1\"><\/iframe>\n\t\t<\/div>\n\t<\/div>\n<\/div><\/div><\/div><div class=\"wpb_column vc_column_container vc_col-sm-4\"><div class=\"vc_column-inner vc_custom_1423767662799\"><div class=\"wpb_wrapper\">\n\t<div class=\"wpb_text_column wpb_content_element\" >\n\t\t<div class=\"wpb_wrapper\">\n\t\t\t<p><i class=\"fa fa-phone\"><\/i><span class=\"w8qArf\">\u00a0<\/span><span aria-label=\"Llamar al n\u00famero de tel\u00e9fono 926 21 94 17\">926 21 94 17<\/span><\/p>\n\n\t\t<\/div>\n\t<\/div>\n<\/div><\/div><\/div><\/div><\/div><\/div><\/div>\n\t\t\t\t<\/div>\n\t\t\t<\/div>\n\t\t<\/div>\n<\/div>","protected":false},"excerpt":{"rendered":"Escr\u00edbenos Tu nombre Tu correo electr\u00f3nico Tu n\u00famero de tel\u00e9fono Asunto Tu mensaje Acepto las Condiciones de Uso y la Pol\u00edtica ...","protected":false},"author":1,"featured_media":0,"parent":0,"menu_order":0,"comment_status":"closed","ping_status":"closed","template":"","meta":{"footnotes":""},"class_list":["post-25","page","type-page","status-publish","hentry"],"yoast_head":"<!-- This site is optimized with the Yoast SEO plugin v26.9 - https:\/\/yoast.com\/product\/yoast-seo-wordpress\/ -->\n<title>Contacto - INM\u00cdNER<\/title>\n<meta name=\"robots\" content=\"index, follow, max-snippet:-1, max-image-preview:large, max-video-preview:-1\" \/>\n<link rel=\"canonical\" href=\"https:\/\/inminer.es\/en\/contacto\/\" \/>\n<meta property=\"og:locale\" content=\"en_GB\" \/>\n<meta property=\"og:type\" content=\"article\" \/>\n<meta property=\"og:title\" content=\"Contacto - INM\u00cdNER\" \/>\n<meta property=\"og:url\" content=\"https:\/\/inminer.es\/en\/contacto\/\" \/>\n<meta property=\"og:site_name\" content=\"INM\u00cdNER\" \/>\n<meta property=\"article:modified_time\" content=\"2026-04-08T11:56:40+00:00\" \/>\n<meta name=\"twitter:card\" content=\"summary_large_image\" \/>\n<meta name=\"twitter:label1\" content=\"Estimated reading time\" \/>\n\t<meta name=\"twitter:data1\" content=\"1 minute\" \/>\n<script type=\"application\/ld+json\" class=\"yoast-schema-graph\">{\"@context\":\"https:\/\/schema.org\",\"@graph\":[{\"@type\":\"WebPage\",\"@id\":\"https:\/\/inminer.es\/contacto\/\",\"url\":\"https:\/\/inminer.es\/contacto\/\",\"name\":\"Contacto - INM\u00cdNER\",\"isPartOf\":{\"@id\":\"https:\/\/inminer.es\/#website\"},\"datePublished\":\"2015-02-05T10:22:10+00:00\",\"dateModified\":\"2026-04-08T11:56:40+00:00\",\"breadcrumb\":{\"@id\":\"https:\/\/inminer.es\/contacto\/#breadcrumb\"},\"inLanguage\":\"en-GB\",\"potentialAction\":[{\"@type\":\"ReadAction\",\"target\":[\"https:\/\/inminer.es\/contacto\/\"]}]},{\"@type\":\"BreadcrumbList\",\"@id\":\"https:\/\/inminer.es\/contacto\/#breadcrumb\",\"itemListElement\":[{\"@type\":\"ListItem\",\"position\":1,\"name\":\"Portada\",\"item\":\"https:\/\/inminer.es\/\"},{\"@type\":\"ListItem\",\"position\":2,\"name\":\"Contacto\"}]},{\"@type\":\"WebSite\",\"@id\":\"https:\/\/inminer.es\/#website\",\"url\":\"https:\/\/inminer.es\/\",\"name\":\"INM\u00cdNER\",\"description\":\"\",\"potentialAction\":[{\"@type\":\"SearchAction\",\"target\":{\"@type\":\"EntryPoint\",\"urlTemplate\":\"https:\/\/inminer.es\/?s={search_term_string}\"},\"query-input\":{\"@type\":\"PropertyValueSpecification\",\"valueRequired\":true,\"valueName\":\"search_term_string\"}}],\"inLanguage\":\"en-GB\"}]}<\/script>\n<!-- \/ Yoast SEO plugin. -->","yoast_head_json":{"title":"Contacto - INM\u00cdNER","robots":{"index":"index","follow":"follow","max-snippet":"max-snippet:-1","max-image-preview":"max-image-preview:large","max-video-preview":"max-video-preview:-1"},"canonical":"https:\/\/inminer.es\/en\/contacto\/","og_locale":"en_GB","og_type":"article","og_title":"Contacto - INM\u00cdNER","og_url":"https:\/\/inminer.es\/en\/contacto\/","og_site_name":"INM\u00cdNER","article_modified_time":"2026-04-08T11:56:40+00:00","twitter_card":"summary_large_image","twitter_misc":{"Estimated reading time":"1 minute"},"schema":{"@context":"https:\/\/schema.org","@graph":[{"@type":"WebPage","@id":"https:\/\/inminer.es\/contacto\/","url":"https:\/\/inminer.es\/contacto\/","name":"Contacto - INM\u00cdNER","isPartOf":{"@id":"https:\/\/inminer.es\/#website"},"datePublished":"2015-02-05T10:22:10+00:00","dateModified":"2026-04-08T11:56:40+00:00","breadcrumb":{"@id":"https:\/\/inminer.es\/contacto\/#breadcrumb"},"inLanguage":"en-GB","potentialAction":[{"@type":"ReadAction","target":["https:\/\/inminer.es\/contacto\/"]}]},{"@type":"BreadcrumbList","@id":"https:\/\/inminer.es\/contacto\/#breadcrumb","itemListElement":[{"@type":"ListItem","position":1,"name":"Portada","item":"https:\/\/inminer.es\/"},{"@type":"ListItem","position":2,"name":"Contacto"}]},{"@type":"WebSite","@id":"https:\/\/inminer.es\/#website","url":"https:\/\/inminer.es\/","name":"INM\u00cdNER","description":"","potentialAction":[{"@type":"SearchAction","target":{"@type":"EntryPoint","urlTemplate":"https:\/\/inminer.es\/?s={search_term_string}"},"query-input":{"@type":"PropertyValueSpecification","valueRequired":true,"valueName":"search_term_string"}}],"inLanguage":"en-GB"}]}},"_links":{"self":[{"href":"https:\/\/inminer.es\/en\/wp-json\/wp\/v2\/pages\/25","targetHints":{"allow":["GET"]}}],"collection":[{"href":"https:\/\/inminer.es\/en\/wp-json\/wp\/v2\/pages"}],"about":[{"href":"https:\/\/inminer.es\/en\/wp-json\/wp\/v2\/types\/page"}],"author":[{"embeddable":true,"href":"https:\/\/inminer.es\/en\/wp-json\/wp\/v2\/users\/1"}],"replies":[{"embeddable":true,"href":"https:\/\/inminer.es\/en\/wp-json\/wp\/v2\/comments?post=25"}],"version-history":[{"count":24,"href":"https:\/\/inminer.es\/en\/wp-json\/wp\/v2\/pages\/25\/revisions"}],"predecessor-version":[{"id":1112,"href":"https:\/\/inminer.es\/en\/wp-json\/wp\/v2\/pages\/25\/revisions\/1112"}],"wp:attachment":[{"href":"https:\/\/inminer.es\/en\/wp-json\/wp\/v2\/media?parent=25"}],"curies":[{"name":"wp","href":"https:\/\/api.w.org\/{rel}","templated":true}]}}