{"id":955,"date":"2023-03-15T10:59:11","date_gmt":"2023-03-15T10:59:11","guid":{"rendered":"https:\/\/inminer.es\/?page_id=955"},"modified":"2026-04-20T17:08:51","modified_gmt":"2026-04-20T15:08:51","slug":"energia","status":"publish","type":"page","link":"https:\/\/inminer.es\/en\/energia\/","title":{"rendered":"ENERGY"},"content":{"rendered":"<div id=\"plantas\" class=\"vc_row wpb_row vc_row-fluid\">\n\t\t<div class=\"row_inner_wrapper  clearfix\" style=\"margin-top: 60px;\">\n\t\t\t<div class=\"row_inner row_center_content clearfix\"><div class=\"wpb_column vc_column_container vc_col-sm-6\"><div class=\"vc_column-inner\"><div class=\"wpb_wrapper\">\n\t<div  class=\"wpb_single_image wpb_content_element vc_align_center\">\n\t\t\n\t\t<figure class=\"wpb_wrapper vc_figure\">\n\t\t\t<div class=\"vc_single_image-wrapper   vc_box_border_grey\"><img decoding=\"async\" width=\"1024\" height=\"683\" data-src=\"https:\/\/inminer.es\/wp-content\/uploads\/2023\/05\/proyectos-de-plantas-fotovoltaicas-inminer.jpg\" class=\"vc_single_image-img attachment-full lazyload\" alt=\"\" data-srcset=\"https:\/\/inminer.es\/wp-content\/uploads\/2023\/05\/proyectos-de-plantas-fotovoltaicas-inminer.jpg 1024w, https:\/\/inminer.es\/wp-content\/uploads\/2023\/05\/proyectos-de-plantas-fotovoltaicas-inminer-300x200.jpg 300w, https:\/\/inminer.es\/wp-content\/uploads\/2023\/05\/proyectos-de-plantas-fotovoltaicas-inminer-768x512.jpg 768w\" data-sizes=\"(max-width: 1024px) 100vw, 1024px\" src=\"data:image\/svg+xml;base64,PHN2ZyB3aWR0aD0iMSIgaGVpZ2h0PSIxIiB4bWxucz0iaHR0cDovL3d3dy53My5vcmcvMjAwMC9zdmciPjwvc3ZnPg==\" style=\"--smush-placeholder-width: 1024px; --smush-placeholder-aspect-ratio: 1024\/683;\" \/><\/div>\n\t\t<\/figure>\n\t<\/div>\n<\/div><\/div><\/div><div class=\"wpb_column vc_column_container vc_col-sm-6\"><div class=\"vc_column-inner\"><div class=\"wpb_wrapper\">\n\t<div class=\"custom-heading wpb_content_element\">\n\t\t<h2 class=\"heading-title\" >Photovoltaic plant projects<\/h2>\n\t\t<span class=\"heading-line primary\"><\/span>\n\t<\/div>\n\t<div class=\"wpb_text_column wpb_content_element\" >\n\t\t<div class=\"wpb_wrapper\">\n\t\t\t<p data-start=\"136\" data-end=\"589\">En acuerdo con nuestro compromiso con el <strong data-start=\"177\" data-end=\"221\">medio ambiente y las energ\u00edas renovables<\/strong>, ponemos nuestro conocimiento y experiencia al servicio del dise\u00f1o de <strong data-start=\"292\" data-end=\"317\">plantas fotovoltaicas<\/strong> para la generaci\u00f3n de energ\u00eda renovable. Contamos con un equipo de ingenieros y t\u00e9cnicos altamente capacitados que trabajan en estrecha colaboraci\u00f3n con nuestros clientes para desarrollar soluciones personalizadas que se ajusten a sus necesidades y objetivos espec\u00edficos.<\/p>\n<p data-start=\"591\" data-end=\"954\">Nuestro enfoque de dise\u00f1o de <strong data-start=\"620\" data-end=\"645\">plantas fotovoltaicas<\/strong> se basa en la utilizaci\u00f3n de tecnolog\u00edas avanzadas y t\u00e9cnicas innovadoras para garantizar la <strong data-start=\"739\" data-end=\"784\">eficiencia y la rentabilidad del proyecto<\/strong>. Realizamos una evaluaci\u00f3n exhaustiva del sitio y de las condiciones ambientales para optimizar la ubicaci\u00f3n de los paneles solares y maximizar la producci\u00f3n de energ\u00eda.<\/p>\n<p data-start=\"956\" data-end=\"1170\">Tambi\u00e9n nos aseguramos de cumplir con todas las regulaciones y normas aplicables, y utilizamos herramientas de modelado avanzadas para prever y mitigar los posibles impactos <strong data-start=\"1130\" data-end=\"1169\">ambientales y sociales del proyecto<\/strong>.<\/p>\n<p data-start=\"1172\" data-end=\"1484\">In addition to the design, we also take care of the complete management of the project, from obtaining permits to the construction and commissioning of the photovoltaic plant. We also provide ongoing advice and support to ensure the plant runs efficiently and reliably over the long term.<\/p>\n\n\t\t<\/div>\n\t<\/div>\n<\/div><\/div><\/div>\n\t\t\t<\/div>\n\t\t<\/div>\n<\/div>\n<div id=\"wpc_69fb6e4dd51a7\" class=\"vc_row wpb_row vc_row-fluid\">\n\t\t<div class=\"row_inner_wrapper  clearfix\">\n\t\t\t<div class=\"row_inner row_center_content clearfix\"><div class=\"wpb_column vc_column_container vc_col-sm-12\"><div class=\"vc_column-inner\"><div class=\"wpb_wrapper\"><div class=\"vc_separator wpb_content_element vc_separator_align_center vc_sep_width_70 vc_sep_border_width_2 vc_sep_pos_align_center vc_separator_no_text vc_sep_color_grey vc_custom_1684859223084  vc_custom_1684859223084\" ><span class=\"vc_sep_holder vc_sep_holder_l\"><span  class=\"vc_sep_line\"><\/span><\/span><span class=\"vc_sep_holder vc_sep_holder_r\"><span  class=\"vc_sep_line\"><\/span><\/span>\n<\/div><\/div><\/div><\/div>\n\t\t\t<\/div>\n\t\t<\/div>\n<\/div>\n<div id=\"hibridacion\" class=\"vc_row wpb_row vc_row-fluid\">\n\t\t<div class=\"row_inner_wrapper  clearfix\">\n\t\t\t<div class=\"row_inner row_center_content clearfix\"><div class=\"wpb_column vc_column_container vc_col-sm-6\"><div class=\"vc_column-inner\"><div class=\"wpb_wrapper\">\n\t<div class=\"custom-heading wpb_content_element\">\n\t\t<h2 class=\"heading-title\" >Generation plant hybridization projects<\/h2>\n\t\t<span class=\"heading-line primary\"><\/span>\n\t<\/div>\n\t<div class=\"wpb_text_column wpb_content_element\" >\n\t\t<div class=\"wpb_wrapper\">\n\t\t\t<p data-start=\"1491\" data-end=\"1756\">En <strong>INM\u00cdNER ING<\/strong>. proyectamos instalaciones h\u00edbridas entre <strong data-start=\"1548\" data-end=\"1594\">plantas de biomasa y parques fotovoltaicos<\/strong>, aunando lo mejor de ambas tecnolog\u00edas y aprovechando a su vez, instalaciones comunes que sirven para optimizar los costes de producci\u00f3n de la energ\u00eda el\u00e9ctrica.<\/p>\n<p data-start=\"1758\" data-end=\"1945\">La hibridaci\u00f3n entre un parque fotovoltaico y una <strong data-start=\"1808\" data-end=\"1829\">planta de biomasa<\/strong> consiste en la combinaci\u00f3n de ambas tecnolog\u00edas para generar energ\u00eda el\u00e9ctrica de manera m\u00e1s eficiente y constante.<\/p>\n<p data-start=\"1947\" data-end=\"2258\">Por un lado, el parque fotovoltaico aprovecha la radiaci\u00f3n solar para producir energ\u00eda el\u00e9ctrica a partir de <strong data-start=\"2056\" data-end=\"2089\">paneles solares fotovoltaicos<\/strong>. Por otro lado, la planta de biomasa utiliza materia org\u00e1nica, como residuos forestales, agr\u00edcolas o urbanos, para generar energ\u00eda a trav\u00e9s de la combusti\u00f3n de biomasa.<\/p>\n<p data-start=\"2260\" data-end=\"2625\">La idea de la hibridaci\u00f3n es que ambas tecnolog\u00edas trabajan de manera complementaria. Durante las horas del d\u00eda en las que el sol brilla con mayor intensidad, el parque fotovoltaico genera m\u00e1s energ\u00eda el\u00e9ctrica. En cambio, en las horas en las que el sol no est\u00e1 presente, la <strong data-start=\"2535\" data-end=\"2556\">planta de biomasa<\/strong> toma el relevo y genera energ\u00eda el\u00e9ctrica a partir de la combusti\u00f3n.<\/p>\n<p data-start=\"2627\" data-end=\"2968\">De esta manera, la hibridaci\u00f3n permite obtener una mayor producci\u00f3n de energ\u00eda el\u00e9ctrica de manera constante y estable, ya que se aprovecha tanto la energ\u00eda solar como la energ\u00eda producida a partir de la biomasa. Adem\u00e1s, tambi\u00e9n puede contribuir a una mayor <strong data-start=\"2885\" data-end=\"2910\">eficiencia energ\u00e9tica<\/strong> y a reducir las emisiones de gases de efecto invernadero.<\/p>\n\n\t\t<\/div>\n\t<\/div>\n<\/div><\/div><\/div><div class=\"wpb_column vc_column_container vc_col-sm-6\"><div class=\"vc_column-inner\"><div class=\"wpb_wrapper\">\n\t<div  class=\"wpb_single_image wpb_content_element vc_align_center\">\n\t\t\n\t\t<figure class=\"wpb_wrapper vc_figure\">\n\t\t\t<div class=\"vc_single_image-wrapper   vc_box_border_grey\"><img decoding=\"async\" width=\"1212\" height=\"810\" data-src=\"https:\/\/inminer.es\/wp-content\/uploads\/2023\/05\/Captura-de-pantalla-2023-05-29-150115.png\" class=\"vc_single_image-img attachment-full lazyload\" alt=\"\" data-srcset=\"https:\/\/inminer.es\/wp-content\/uploads\/2023\/05\/Captura-de-pantalla-2023-05-29-150115.png 1212w, https:\/\/inminer.es\/wp-content\/uploads\/2023\/05\/Captura-de-pantalla-2023-05-29-150115-300x200.png 300w, https:\/\/inminer.es\/wp-content\/uploads\/2023\/05\/Captura-de-pantalla-2023-05-29-150115-1024x684.png 1024w, https:\/\/inminer.es\/wp-content\/uploads\/2023\/05\/Captura-de-pantalla-2023-05-29-150115-768x513.png 768w\" data-sizes=\"(max-width: 1212px) 100vw, 1212px\" src=\"data:image\/svg+xml;base64,PHN2ZyB3aWR0aD0iMSIgaGVpZ2h0PSIxIiB4bWxucz0iaHR0cDovL3d3dy53My5vcmcvMjAwMC9zdmciPjwvc3ZnPg==\" style=\"--smush-placeholder-width: 1212px; --smush-placeholder-aspect-ratio: 1212\/810;\" \/><\/div>\n\t\t<\/figure>\n\t<\/div>\n<\/div><\/div><\/div>\n\t\t\t<\/div>\n\t\t<\/div>\n<\/div>\n<div id=\"wpc_69fb6e4dd6c12\" class=\"vc_row wpb_row vc_row-fluid\">\n\t\t<div class=\"row_inner_wrapper  clearfix\">\n\t\t\t<div class=\"row_inner row_center_content clearfix\"><div class=\"wpb_column vc_column_container vc_col-sm-12\"><div class=\"vc_column-inner\"><div class=\"wpb_wrapper\"><div class=\"vc_separator wpb_content_element vc_separator_align_center vc_sep_width_70 vc_sep_border_width_2 vc_sep_pos_align_center vc_separator_no_text vc_sep_color_grey vc_custom_1684859229528  vc_custom_1684859229528\" ><span class=\"vc_sep_holder vc_sep_holder_l\"><span  class=\"vc_sep_line\"><\/span><\/span><span class=\"vc_sep_holder vc_sep_holder_r\"><span  class=\"vc_sep_line\"><\/span><\/span>\n<\/div><\/div><\/div><\/div>\n\t\t\t<\/div>\n\t\t<\/div>\n<\/div>\n<div id=\"certificado\" class=\"vc_row wpb_row vc_row-fluid\">\n\t\t<div class=\"row_inner_wrapper  clearfix\">\n\t\t\t<div class=\"row_inner row_center_content clearfix\"><div class=\"wpb_column vc_column_container vc_col-sm-6\"><div class=\"vc_column-inner\"><div class=\"wpb_wrapper\">\n\t<div  class=\"wpb_single_image wpb_content_element vc_align_center\">\n\t\t\n\t\t<figure class=\"wpb_wrapper vc_figure\">\n\t\t\t<div class=\"vc_single_image-wrapper   vc_box_border_grey\"><img decoding=\"async\" width=\"1024\" height=\"683\" data-src=\"https:\/\/inminer.es\/wp-content\/uploads\/2023\/05\/certificados-de-eficiencia-energetica-inminer.jpg\" class=\"vc_single_image-img attachment-full lazyload\" alt=\"\" data-srcset=\"https:\/\/inminer.es\/wp-content\/uploads\/2023\/05\/certificados-de-eficiencia-energetica-inminer.jpg 1024w, https:\/\/inminer.es\/wp-content\/uploads\/2023\/05\/certificados-de-eficiencia-energetica-inminer-300x200.jpg 300w, https:\/\/inminer.es\/wp-content\/uploads\/2023\/05\/certificados-de-eficiencia-energetica-inminer-768x512.jpg 768w\" data-sizes=\"(max-width: 1024px) 100vw, 1024px\" src=\"data:image\/svg+xml;base64,PHN2ZyB3aWR0aD0iMSIgaGVpZ2h0PSIxIiB4bWxucz0iaHR0cDovL3d3dy53My5vcmcvMjAwMC9zdmciPjwvc3ZnPg==\" style=\"--smush-placeholder-width: 1024px; --smush-placeholder-aspect-ratio: 1024\/683;\" \/><\/div>\n\t\t<\/figure>\n\t<\/div>\n<\/div><\/div><\/div><div class=\"wpb_column vc_column_container vc_col-sm-6\"><div class=\"vc_column-inner\"><div class=\"wpb_wrapper\">\n\t<div class=\"custom-heading wpb_content_element\">\n\t\t<h2 class=\"heading-title\" >Energy Efficiency Certificate<\/h2>\n\t\t<span class=\"heading-line primary\"><\/span>\n\t<\/div>\n\t<div class=\"wpb_text_column wpb_content_element\" >\n\t\t<div class=\"wpb_wrapper\">\n\t\t\t<p data-start=\"2975\" data-end=\"3250\">Ofrecemos servicios de <strong data-start=\"2998\" data-end=\"3026\">certificaci\u00f3n energ\u00e9tica<\/strong> para edificios residenciales y comerciales. Estos certificados son obligatorios para todas las propiedades que se venden o alquilan en Espa\u00f1a, y son necesarios para cumplir con la normativa europea de eficiencia energ\u00e9tica.<\/p>\n<p data-start=\"3252\" data-end=\"3603\">To carry out an energy certificate, our engineers carry out a thorough evaluation of the building, including the thermal envelope, lighting, air conditioning systems and hot water production. We also consider the type of fuel used and its energy consumption, and analyze the use of the property.<\/p>\n<p data-start=\"3605\" data-end=\"4019\">Con toda esta informaci\u00f3n, nuestro equipo de ingenieros utiliza herramientas especializadas para calcular la <strong data-start=\"3714\" data-end=\"3752\">eficiencia energ\u00e9tica del edificio<\/strong> y asignarle una calificaci\u00f3n en una escala de A (m\u00e1s eficiente) a G (menos eficiente). Adem\u00e1s, proporcionamos recomendaciones para mejorar la eficiencia energ\u00e9tica del edificio, lo que puede ayudar a reducir el consumo de energ\u00eda y disminuir los costos de operaci\u00f3n.<\/p>\n<p data-start=\"4021\" data-end=\"4444\" data-is-last-node=\"\" data-is-only-node=\"\">Nuestros certificados de eficiencia energ\u00e9tica est\u00e1n respaldados por profesionales altamente capacitados y certificados, y cumplen con todas las regulaciones y est\u00e1ndares requeridos. Tambi\u00e9n ofrecemos servicios adicionales, como <strong data-start=\"4250\" data-end=\"4315\">auditor\u00edas energ\u00e9ticas y consultor\u00eda en eficiencia energ\u00e9tica<\/strong>, para ayudar a nuestros clientes a tomar decisiones informadas para reducir su consumo de energ\u00eda y mejorar su huella ambiental.<\/p>\n\n\t\t<\/div>\n\t<\/div>\n<\/div><\/div><\/div>\n\t\t\t<\/div>\n\t\t<\/div>\n<\/div>","protected":false},"excerpt":{"rendered":"Proyectos de plantas fotovoltaicas En acuerdo con nuestro compromiso con el medio ambiente y las energ\u00edas renovables, ponemos nuestro conocimiento y ...","protected":false},"author":1,"featured_media":0,"parent":0,"menu_order":0,"comment_status":"closed","ping_status":"closed","template":"","meta":{"footnotes":""},"class_list":["post-955","page","type-page","status-publish","hentry"],"yoast_head":"<!-- This site is optimized with the Yoast SEO plugin v27.4 - https:\/\/yoast.com\/product\/yoast-seo-wordpress\/ -->\n<title>Inminer Energ\u00eda | Energ\u00edas Renovables<\/title>\n<meta name=\"description\" content=\"Proyectos de energ\u00edas renovables con plantas fotovoltaicas, biomasa e instalaciones h\u00edbridas eficientes y sostenibles.\" \/>\n<meta name=\"robots\" content=\"index, follow, max-snippet:-1, max-image-preview:large, max-video-preview:-1\" \/>\n<link rel=\"canonical\" href=\"https:\/\/inminer.es\/en\/energia\/\" \/>\n<meta property=\"og:locale\" content=\"en_GB\" \/>\n<meta property=\"og:type\" content=\"article\" \/>\n<meta property=\"og:title\" content=\"Inminer Energ\u00eda | Energ\u00edas Renovables\" \/>\n<meta property=\"og:description\" content=\"Proyectos de energ\u00edas renovables con plantas fotovoltaicas, biomasa e instalaciones h\u00edbridas eficientes y sostenibles.\" \/>\n<meta property=\"og:url\" content=\"https:\/\/inminer.es\/en\/energia\/\" \/>\n<meta property=\"og:site_name\" content=\"INM\u00cdNER\" \/>\n<meta property=\"article:modified_time\" content=\"2026-04-20T15:08:51+00:00\" \/>\n<meta name=\"twitter:card\" content=\"summary_large_image\" \/>\n<meta name=\"twitter:label1\" content=\"Estimated reading time\" \/>\n\t<meta name=\"twitter:data1\" content=\"4 minutes\" \/>\n<script type=\"application\/ld+json\" class=\"yoast-schema-graph\">{\"@context\":\"https:\\\/\\\/schema.org\",\"@graph\":[{\"@type\":\"WebPage\",\"@id\":\"https:\\\/\\\/inminer.es\\\/energia\\\/\",\"url\":\"https:\\\/\\\/inminer.es\\\/energia\\\/\",\"name\":\"Inminer Energ\u00eda | Energ\u00edas Renovables\",\"isPartOf\":{\"@id\":\"https:\\\/\\\/inminer.es\\\/#website\"},\"datePublished\":\"2023-03-15T10:59:11+00:00\",\"dateModified\":\"2026-04-20T15:08:51+00:00\",\"description\":\"Proyectos de energ\u00edas renovables con plantas fotovoltaicas, biomasa e instalaciones h\u00edbridas eficientes y sostenibles.\",\"breadcrumb\":{\"@id\":\"https:\\\/\\\/inminer.es\\\/energia\\\/#breadcrumb\"},\"inLanguage\":\"en-GB\",\"potentialAction\":[{\"@type\":\"ReadAction\",\"target\":[\"https:\\\/\\\/inminer.es\\\/energia\\\/\"]}]},{\"@type\":\"BreadcrumbList\",\"@id\":\"https:\\\/\\\/inminer.es\\\/energia\\\/#breadcrumb\",\"itemListElement\":[{\"@type\":\"ListItem\",\"position\":1,\"name\":\"Portada\",\"item\":\"https:\\\/\\\/inminer.es\\\/\"},{\"@type\":\"ListItem\",\"position\":2,\"name\":\"ENERG\u00cdA\"}]},{\"@type\":\"WebSite\",\"@id\":\"https:\\\/\\\/inminer.es\\\/#website\",\"url\":\"https:\\\/\\\/inminer.es\\\/\",\"name\":\"INM\u00cdNER\",\"description\":\"\",\"potentialAction\":[{\"@type\":\"SearchAction\",\"target\":{\"@type\":\"EntryPoint\",\"urlTemplate\":\"https:\\\/\\\/inminer.es\\\/?s={search_term_string}\"},\"query-input\":{\"@type\":\"PropertyValueSpecification\",\"valueRequired\":true,\"valueName\":\"search_term_string\"}}],\"inLanguage\":\"en-GB\"}]}<\/script>\n<!-- \/ Yoast SEO plugin. -->","yoast_head_json":{"title":"Inminer Energ\u00eda | Energ\u00edas Renovables","description":"Proyectos de energ\u00edas renovables con plantas fotovoltaicas, biomasa e instalaciones h\u00edbridas eficientes y sostenibles.","robots":{"index":"index","follow":"follow","max-snippet":"max-snippet:-1","max-image-preview":"max-image-preview:large","max-video-preview":"max-video-preview:-1"},"canonical":"https:\/\/inminer.es\/en\/energia\/","og_locale":"en_GB","og_type":"article","og_title":"Inminer Energ\u00eda | Energ\u00edas Renovables","og_description":"Proyectos de energ\u00edas renovables con plantas fotovoltaicas, biomasa e instalaciones h\u00edbridas eficientes y sostenibles.","og_url":"https:\/\/inminer.es\/en\/energia\/","og_site_name":"INM\u00cdNER","article_modified_time":"2026-04-20T15:08:51+00:00","twitter_card":"summary_large_image","twitter_misc":{"Estimated reading time":"4 minutes"},"schema":{"@context":"https:\/\/schema.org","@graph":[{"@type":"WebPage","@id":"https:\/\/inminer.es\/energia\/","url":"https:\/\/inminer.es\/energia\/","name":"Inminer Energ\u00eda | Energ\u00edas Renovables","isPartOf":{"@id":"https:\/\/inminer.es\/#website"},"datePublished":"2023-03-15T10:59:11+00:00","dateModified":"2026-04-20T15:08:51+00:00","description":"Proyectos de energ\u00edas renovables con plantas fotovoltaicas, biomasa e instalaciones h\u00edbridas eficientes y sostenibles.","breadcrumb":{"@id":"https:\/\/inminer.es\/energia\/#breadcrumb"},"inLanguage":"en-GB","potentialAction":[{"@type":"ReadAction","target":["https:\/\/inminer.es\/energia\/"]}]},{"@type":"BreadcrumbList","@id":"https:\/\/inminer.es\/energia\/#breadcrumb","itemListElement":[{"@type":"ListItem","position":1,"name":"Portada","item":"https:\/\/inminer.es\/"},{"@type":"ListItem","position":2,"name":"ENERG\u00cdA"}]},{"@type":"WebSite","@id":"https:\/\/inminer.es\/#website","url":"https:\/\/inminer.es\/","name":"INM\u00cdNER","description":"","potentialAction":[{"@type":"SearchAction","target":{"@type":"EntryPoint","urlTemplate":"https:\/\/inminer.es\/?s={search_term_string}"},"query-input":{"@type":"PropertyValueSpecification","valueRequired":true,"valueName":"search_term_string"}}],"inLanguage":"en-GB"}]}},"_links":{"self":[{"href":"https:\/\/inminer.es\/en\/wp-json\/wp\/v2\/pages\/955","targetHints":{"allow":["GET"]}}],"collection":[{"href":"https:\/\/inminer.es\/en\/wp-json\/wp\/v2\/pages"}],"about":[{"href":"https:\/\/inminer.es\/en\/wp-json\/wp\/v2\/types\/page"}],"author":[{"embeddable":true,"href":"https:\/\/inminer.es\/en\/wp-json\/wp\/v2\/users\/1"}],"replies":[{"embeddable":true,"href":"https:\/\/inminer.es\/en\/wp-json\/wp\/v2\/comments?post=955"}],"version-history":[{"count":28,"href":"https:\/\/inminer.es\/en\/wp-json\/wp\/v2\/pages\/955\/revisions"}],"predecessor-version":[{"id":2015,"href":"https:\/\/inminer.es\/en\/wp-json\/wp\/v2\/pages\/955\/revisions\/2015"}],"wp:attachment":[{"href":"https:\/\/inminer.es\/en\/wp-json\/wp\/v2\/media?parent=955"}],"curies":[{"name":"wp","href":"https:\/\/api.w.org\/{rel}","templated":true}]}}