{"id":966,"date":"2023-03-15T11:25:08","date_gmt":"2023-03-15T11:25:08","guid":{"rendered":"https:\/\/inminer.es\/?page_id=966"},"modified":"2026-04-16T13:02:14","modified_gmt":"2026-04-16T11:02:14","slug":"ciclo-del-agua","status":"publish","type":"page","link":"https:\/\/inminer.es\/en\/ciclo-del-agua\/","title":{"rendered":"WATER CYCLE"},"content":{"rendered":"<div id=\"estudios\" class=\"vc_row wpb_row vc_row-fluid\">\n\t\t<div class=\"row_inner_wrapper  clearfix\" style=\"margin-top: 60px;\">\n\t\t\t<div class=\"row_inner row_center_content clearfix\"><div class=\"wpb_column vc_column_container vc_col-sm-6\"><div class=\"vc_column-inner\"><div class=\"wpb_wrapper\">\n\t<div  class=\"wpb_single_image wpb_content_element vc_align_center\">\n\t\t\n\t\t<figure class=\"wpb_wrapper vc_figure\">\n\t\t\t<div class=\"vc_single_image-wrapper   vc_box_border_grey\"><img decoding=\"async\" width=\"1000\" height=\"1500\" data-src=\"https:\/\/inminer.es\/wp-content\/uploads\/2023\/05\/estudios-hidrogeologicos-inminer.jpg\" class=\"vc_single_image-img attachment-full lazyload\" alt=\"\" data-srcset=\"https:\/\/inminer.es\/wp-content\/uploads\/2023\/05\/estudios-hidrogeologicos-inminer.jpg 1000w, https:\/\/inminer.es\/wp-content\/uploads\/2023\/05\/estudios-hidrogeologicos-inminer-200x300.jpg 200w, https:\/\/inminer.es\/wp-content\/uploads\/2023\/05\/estudios-hidrogeologicos-inminer-683x1024.jpg 683w, https:\/\/inminer.es\/wp-content\/uploads\/2023\/05\/estudios-hidrogeologicos-inminer-768x1152.jpg 768w\" data-sizes=\"(max-width: 1000px) 100vw, 1000px\" src=\"data:image\/svg+xml;base64,PHN2ZyB3aWR0aD0iMSIgaGVpZ2h0PSIxIiB4bWxucz0iaHR0cDovL3d3dy53My5vcmcvMjAwMC9zdmciPjwvc3ZnPg==\" style=\"--smush-placeholder-width: 1000px; --smush-placeholder-aspect-ratio: 1000\/1500;\" \/><\/div>\n\t\t<\/figure>\n\t<\/div>\n<\/div><\/div><\/div><div class=\"wpb_column vc_column_container vc_col-sm-6\"><div class=\"vc_column-inner\"><div class=\"wpb_wrapper\">\n\t<div class=\"custom-heading wpb_content_element\">\n\t\t<h2 class=\"heading-title\" >Hydrogeological studies<\/h2>\n\t\t<span class=\"heading-line primary\"><\/span>\n\t<\/div>\n\t<div class=\"wpb_text_column wpb_content_element\" >\n\t\t<div class=\"wpb_wrapper\">\n\t\t\t<p data-start=\"454\" data-end=\"563\">En <strong data-start=\"457\" data-end=\"473\">INM\u00cdNER ING.<\/strong> nos preocupamos por entender el <strong data-start=\"506\" data-end=\"529\">movimiento del agua<\/strong> y su fluir a trav\u00e9s de la tierra\u2026<\/p>\n<p data-start=\"565\" data-end=\"772\">Para ello realizamos <strong data-start=\"586\" data-end=\"614\">estudios hidrogeol\u00f3gicos<\/strong>, los cuales son un conjunto de investigaciones que se realizan para entender el comportamiento y la din\u00e1mica del <strong data-start=\"728\" data-end=\"748\">agua subterr\u00e1nea<\/strong> en un \u00e1rea determinada.<\/p>\n<p data-start=\"774\" data-end=\"1162\">Estos estudios tienen como objetivo principal obtener informaci\u00f3n sobre la <strong data-start=\"849\" data-end=\"904\">cantidad, calidad y movimiento del agua subterr\u00e1nea<\/strong>, as\u00ed como identificar los factores que influyen en su distribuci\u00f3n y disponibilidad. Algunos de estos trabajos est\u00e1n relacionados con la posible influencia que un <strong data-start=\"1068\" data-end=\"1085\">sondeo o pozo<\/strong> puede generar sobre un <strong data-start=\"1109\" data-end=\"1161\">arroyo, r\u00edo u otro sondeo previamente legalizado<\/strong>.<\/p>\n<p data-start=\"1164\" data-end=\"1418\">Entre las actividades que llevamos a cabo durante la elaboraci\u00f3n de un <strong data-start=\"1235\" data-end=\"1261\">estudio hidrogeol\u00f3gico<\/strong>, se encuentran la recolecci\u00f3n y an\u00e1lisis de datos sobre la <strong data-start=\"1321\" data-end=\"1383\">geolog\u00eda, topograf\u00eda, meteorolog\u00eda, hidrolog\u00eda superficial<\/strong> y la <strong data-start=\"1389\" data-end=\"1406\">hidrogeolog\u00eda<\/strong> de la zona.<\/p>\n<p data-start=\"1420\" data-end=\"1616\">Adem\u00e1s, realizamos <strong data-start=\"1439\" data-end=\"1460\">pruebas de bombeo<\/strong> y <strong data-start=\"1463\" data-end=\"1491\">ensayos de permeabilidad<\/strong> para evaluar las <strong data-start=\"1509\" data-end=\"1553\">propiedades hidr\u00e1ulicas de los acu\u00edferos<\/strong> y la capacidad de los pozos para extraer <strong data-start=\"1595\" data-end=\"1615\">agua subterr\u00e1nea<\/strong>.<\/p>\n<p data-start=\"1618\" data-end=\"1951\">A partir de la informaci\u00f3n recolectada, desarrollamos <strong data-start=\"1672\" data-end=\"1699\">modelos hidrogeol\u00f3gicos<\/strong> que permiten simular el comportamiento del agua en distintas condiciones, facilitando la <strong data-start=\"1789\" data-end=\"1821\">gesti\u00f3n del agua subterr\u00e1nea<\/strong> y la toma de decisiones. Tambi\u00e9n permiten detectar zonas vulnerables a la <strong data-start=\"1896\" data-end=\"1913\">contaminaci\u00f3n<\/strong> y proteger los <strong data-start=\"1929\" data-end=\"1950\">recursos h\u00eddricos<\/strong>.<\/p>\n\n\t\t<\/div>\n\t<\/div>\n<\/div><\/div><\/div>\n\t\t\t<\/div>\n\t\t<\/div>\n<\/div>\n<div id=\"wpc_69fb6e735081b\" class=\"vc_row wpb_row vc_row-fluid\">\n\t\t<div class=\"row_inner_wrapper  clearfix\">\n\t\t\t<div class=\"row_inner row_center_content clearfix\"><div class=\"wpb_column vc_column_container vc_col-sm-12\"><div class=\"vc_column-inner\"><div class=\"wpb_wrapper\"><div class=\"vc_separator wpb_content_element vc_separator_align_center vc_sep_width_70 vc_sep_border_width_2 vc_sep_pos_align_center vc_separator_no_text vc_sep_color_grey vc_custom_1684859828915  vc_custom_1684859828915\" ><span class=\"vc_sep_holder vc_sep_holder_l\"><span  class=\"vc_sep_line\"><\/span><\/span><span class=\"vc_sep_holder vc_sep_holder_r\"><span  class=\"vc_sep_line\"><\/span><\/span>\n<\/div><\/div><\/div><\/div>\n\t\t\t<\/div>\n\t\t<\/div>\n<\/div>\n<div id=\"gestion\" class=\"vc_row wpb_row vc_row-fluid\">\n\t\t<div class=\"row_inner_wrapper  clearfix\">\n\t\t\t<div class=\"row_inner row_center_content clearfix\"><div class=\"wpb_column vc_column_container vc_col-sm-6\"><div class=\"vc_column-inner\"><div class=\"wpb_wrapper\">\n\t<div class=\"custom-heading wpb_content_element\">\n\t\t<h2 class=\"heading-title\" >Management and control of wastewater treatment plants<\/h2>\n\t\t<span class=\"heading-line primary\"><\/span>\n\t<\/div>\n\t<div class=\"wpb_text_column wpb_content_element\" >\n\t\t<div class=\"wpb_wrapper\">\n\t\t\t<p data-start=\"98\" data-end=\"565\">Las <strong data-start=\"102\" data-end=\"143\">estaciones de aguas residuales (EDAR)<\/strong> son instalaciones dise\u00f1adas para tratar y depurar las <strong data-start=\"198\" data-end=\"218\">aguas residuales<\/strong> antes de su vertido al medio ambiente. La <strong data-start=\"261\" data-end=\"294\">gesti\u00f3n y control de las EDAR<\/strong> es esencial para garantizar su correcto funcionamiento y minimizar su impacto en el <strong data-start=\"379\" data-end=\"397\">medio ambiente<\/strong> y en la <strong data-start=\"406\" data-end=\"423\">salud p\u00fablica<\/strong>. A continuaci\u00f3n, se describen algunos aspectos clave en la gesti\u00f3n y control de las EDAR y que nuestra empresa gestiona con gran capacidad:<\/p>\n<p data-start=\"567\" data-end=\"820\"><strong data-start=\"567\" data-end=\"586\">Monitorizaci\u00f3n:<\/strong> realizamos trabajos de <strong data-start=\"610\" data-end=\"628\">monitorizaci\u00f3n<\/strong> para realizar un <strong data-start=\"646\" data-end=\"670\">seguimiento continuo<\/strong> de los principales par\u00e1metros del <strong data-start=\"705\" data-end=\"730\">proceso de depuraci\u00f3n<\/strong>. Esto permite detectar posibles fallos y realizar ajustes en la operaci\u00f3n de la planta.<\/p>\n<p data-start=\"822\" data-end=\"1056\"><strong data-start=\"822\" data-end=\"840\">Mantenimiento:<\/strong> nuestra empresa gestiona equipos de <strong data-start=\"877\" data-end=\"918\">mantenimiento preventivo y correctivo<\/strong> de las instalaciones para garantizar su buen estado de conservaci\u00f3n y evitar posibles aver\u00edas o fallos en el <strong data-start=\"1028\" data-end=\"1053\">proceso de depuraci\u00f3n<\/strong>.<\/p>\n<p data-start=\"1058\" data-end=\"1290\"><strong data-start=\"1058\" data-end=\"1085\">Formaci\u00f3n del personal:<\/strong> formamos al personal encargado de la <strong data-start=\"1123\" data-end=\"1164\">operaci\u00f3n y mantenimiento de las EDAR<\/strong> con el fin de que cuenten con la formaci\u00f3n y capacitaci\u00f3n necesarias para realizar su trabajo de forma <strong data-start=\"1268\" data-end=\"1287\">eficaz y segura<\/strong>.<\/p>\n\n\t\t<\/div>\n\t<\/div>\n<\/div><\/div><\/div><div class=\"wpb_column vc_column_container vc_col-sm-6\"><div class=\"vc_column-inner\"><div class=\"wpb_wrapper\">\n\t<div  class=\"wpb_single_image wpb_content_element vc_align_center\">\n\t\t\n\t\t<figure class=\"wpb_wrapper vc_figure\">\n\t\t\t<div class=\"vc_single_image-wrapper   vc_box_border_grey\"><img decoding=\"async\" width=\"1280\" height=\"853\" data-src=\"https:\/\/inminer.es\/wp-content\/uploads\/2023\/05\/treatment-plant-wastewater-gba0811d1b_1280-1.jpg\" class=\"vc_single_image-img attachment-full lazyload\" alt=\"\" data-srcset=\"https:\/\/inminer.es\/wp-content\/uploads\/2023\/05\/treatment-plant-wastewater-gba0811d1b_1280-1.jpg 1280w, https:\/\/inminer.es\/wp-content\/uploads\/2023\/05\/treatment-plant-wastewater-gba0811d1b_1280-1-300x200.jpg 300w, https:\/\/inminer.es\/wp-content\/uploads\/2023\/05\/treatment-plant-wastewater-gba0811d1b_1280-1-1024x682.jpg 1024w, https:\/\/inminer.es\/wp-content\/uploads\/2023\/05\/treatment-plant-wastewater-gba0811d1b_1280-1-768x512.jpg 768w\" data-sizes=\"(max-width: 1280px) 100vw, 1280px\" src=\"data:image\/svg+xml;base64,PHN2ZyB3aWR0aD0iMSIgaGVpZ2h0PSIxIiB4bWxucz0iaHR0cDovL3d3dy53My5vcmcvMjAwMC9zdmciPjwvc3ZnPg==\" style=\"--smush-placeholder-width: 1280px; --smush-placeholder-aspect-ratio: 1280\/853;\" \/><\/div>\n\t\t<\/figure>\n\t<\/div>\n<\/div><\/div><\/div>\n\t\t\t<\/div>\n\t\t<\/div>\n<\/div>\n<div id=\"wpc_69fb6e735228f\" class=\"vc_row wpb_row vc_row-fluid\">\n\t\t<div class=\"row_inner_wrapper  clearfix\">\n\t\t\t<div class=\"row_inner row_center_content clearfix\"><div class=\"wpb_column vc_column_container vc_col-sm-12\"><div class=\"vc_column-inner\"><div class=\"wpb_wrapper\"><div class=\"vc_separator wpb_content_element vc_separator_align_center vc_sep_width_70 vc_sep_border_width_2 vc_sep_pos_align_center vc_separator_no_text vc_sep_color_grey vc_custom_1684859834473  vc_custom_1684859834473\" ><span class=\"vc_sep_holder vc_sep_holder_l\"><span  class=\"vc_sep_line\"><\/span><\/span><span class=\"vc_sep_holder vc_sep_holder_r\"><span  class=\"vc_sep_line\"><\/span><\/span>\n<\/div><\/div><\/div><\/div>\n\t\t\t<\/div>\n\t\t<\/div>\n<\/div>\n<div id=\"inundabilidad\" class=\"vc_row wpb_row vc_row-fluid\">\n\t\t<div class=\"row_inner_wrapper  clearfix\">\n\t\t\t<div class=\"row_inner row_center_content clearfix\"><div class=\"wpb_column vc_column_container vc_col-sm-6\"><div class=\"vc_column-inner\"><div class=\"wpb_wrapper\">\n\t<div  class=\"wpb_single_image wpb_content_element vc_align_center\">\n\t\t\n\t\t<figure class=\"wpb_wrapper vc_figure\">\n\t\t\t<div class=\"vc_single_image-wrapper   vc_box_border_grey\"><img decoding=\"async\" width=\"1024\" height=\"683\" data-src=\"https:\/\/inminer.es\/wp-content\/uploads\/2023\/05\/estudios-de-inundabilidad-inminer.jpg\" class=\"vc_single_image-img attachment-full lazyload\" alt=\"\" data-srcset=\"https:\/\/inminer.es\/wp-content\/uploads\/2023\/05\/estudios-de-inundabilidad-inminer.jpg 1024w, https:\/\/inminer.es\/wp-content\/uploads\/2023\/05\/estudios-de-inundabilidad-inminer-300x200.jpg 300w, https:\/\/inminer.es\/wp-content\/uploads\/2023\/05\/estudios-de-inundabilidad-inminer-768x512.jpg 768w\" data-sizes=\"(max-width: 1024px) 100vw, 1024px\" src=\"data:image\/svg+xml;base64,PHN2ZyB3aWR0aD0iMSIgaGVpZ2h0PSIxIiB4bWxucz0iaHR0cDovL3d3dy53My5vcmcvMjAwMC9zdmciPjwvc3ZnPg==\" style=\"--smush-placeholder-width: 1024px; --smush-placeholder-aspect-ratio: 1024\/683;\" \/><\/div>\n\t\t<\/figure>\n\t<\/div>\n<\/div><\/div><\/div><div class=\"wpb_column vc_column_container vc_col-sm-6\"><div class=\"vc_column-inner\"><div class=\"wpb_wrapper\">\n\t<div class=\"custom-heading wpb_content_element\">\n\t\t<h2 class=\"heading-title\" >Flood studies<\/h2>\n\t\t<span class=\"heading-line primary\"><\/span>\n\t<\/div>\n\t<div class=\"wpb_text_column wpb_content_element\" >\n\t\t<div class=\"wpb_wrapper\">\n\t\t\t<p data-start=\"88\" data-end=\"265\">En <strong data-start=\"91\" data-end=\"107\">INM\u00cdNER ING.<\/strong> realizamos <strong data-start=\"119\" data-end=\"148\">estudios de inundabilidad<\/strong>, como respuesta a las exigencias planteadas por las <strong data-start=\"201\" data-end=\"234\">confederaciones hidrogr\u00e1ficas<\/strong> que existen en nuestro pa\u00eds.<\/p>\n<p data-start=\"267\" data-end=\"597\">Estos <strong data-start=\"273\" data-end=\"302\">estudios de inundabilidad<\/strong> son an\u00e1lisis que se realizan para evaluar el <strong data-start=\"348\" data-end=\"374\">riesgo de inundaciones<\/strong> en una zona determinada, permitiendo evaluar diversos factores como la <strong data-start=\"446\" data-end=\"516\">topograf\u00eda, la geolog\u00eda, el clima, el uso del suelo, la vegetaci\u00f3n<\/strong> y otros aspectos para determinar la probabilidad de que una zona sea inundada.<\/p>\n<p data-start=\"599\" data-end=\"939\">Los <strong data-start=\"603\" data-end=\"632\">estudios de inundabilidad<\/strong> se utilizan para varios prop\u00f3sitos, como la <strong data-start=\"677\" data-end=\"712\">planificaci\u00f3n del uso del suelo<\/strong>, la <strong data-start=\"717\" data-end=\"753\">gesti\u00f3n del riesgo de inundaci\u00f3n<\/strong>, la evaluaci\u00f3n de la <strong data-start=\"775\" data-end=\"810\">seguridad de la infraestructura<\/strong> y la toma de decisiones en relaci\u00f3n a la <strong data-start=\"852\" data-end=\"890\">construcci\u00f3n de nuevas estructuras<\/strong> o la rehabilitaci\u00f3n de estructuras existentes.<\/p>\n<p data-start=\"941\" data-end=\"1188\">Adem\u00e1s, los <strong data-start=\"953\" data-end=\"982\">estudios de inundabilidad<\/strong> son importantes para establecer medidas de <strong data-start=\"1026\" data-end=\"1069\">prevenci\u00f3n y mitigaci\u00f3n de inundaciones<\/strong>, lo que puede ayudar a reducir el impacto de <strong data-start=\"1115\" data-end=\"1135\">eventos extremos<\/strong> y proteger a las personas y sus bienes materiales.<\/p>\n<p data-start=\"1190\" data-end=\"1387\">En resumen, los <strong data-start=\"1206\" data-end=\"1235\">estudios de inundabilidad<\/strong> son una herramienta clave para la <strong data-start=\"1270\" data-end=\"1306\">gesti\u00f3n del riesgo de inundaci\u00f3n<\/strong> y la protecci\u00f3n de las comunidades frente a este tipo de <strong data-start=\"1364\" data-end=\"1384\">eventos extremos<\/strong>.<\/p>\n\n\t\t<\/div>\n\t<\/div>\n<\/div><\/div><\/div>\n\t\t\t<\/div>\n\t\t<\/div>\n<\/div>","protected":false},"excerpt":{"rendered":"Estudios hidrogeol\u00f3gicos En INM\u00cdNER ING. nos preocupamos por entender el movimiento del agua y su fluir a trav\u00e9s de la tierra\u2026 ...","protected":false},"author":1,"featured_media":0,"parent":0,"menu_order":0,"comment_status":"closed","ping_status":"closed","template":"","meta":{"footnotes":""},"class_list":["post-966","page","type-page","status-publish","hentry"],"yoast_head":"<!-- This site is optimized with the Yoast SEO plugin v27.4 - https:\/\/yoast.com\/product\/yoast-seo-wordpress\/ -->\n<title>Estudios de inundabilidad | Inminer<\/title>\n<meta name=\"description\" content=\"Realizamos estudios de inundabilidad para evaluar el riesgo de inundaciones y planificar medidas de prevenci\u00f3n. Soluciones profesionales adaptadas a cada proyecto.\" \/>\n<meta name=\"robots\" content=\"index, follow, max-snippet:-1, max-image-preview:large, max-video-preview:-1\" \/>\n<link rel=\"canonical\" href=\"https:\/\/inminer.es\/en\/ciclo-del-agua\/\" \/>\n<meta property=\"og:locale\" content=\"en_GB\" \/>\n<meta property=\"og:type\" content=\"article\" \/>\n<meta property=\"og:title\" content=\"Estudios de inundabilidad | Inminer\" \/>\n<meta property=\"og:description\" content=\"Realizamos estudios de inundabilidad para evaluar el riesgo de inundaciones y planificar medidas de prevenci\u00f3n. Soluciones profesionales adaptadas a cada proyecto.\" \/>\n<meta property=\"og:url\" content=\"https:\/\/inminer.es\/en\/ciclo-del-agua\/\" \/>\n<meta property=\"og:site_name\" content=\"INM\u00cdNER\" \/>\n<meta property=\"article:modified_time\" content=\"2026-04-16T11:02:14+00:00\" \/>\n<meta name=\"twitter:card\" content=\"summary_large_image\" \/>\n<meta name=\"twitter:label1\" content=\"Estimated reading time\" \/>\n\t<meta name=\"twitter:data1\" content=\"4 minutes\" \/>\n<script type=\"application\/ld+json\" class=\"yoast-schema-graph\">{\"@context\":\"https:\\\/\\\/schema.org\",\"@graph\":[{\"@type\":\"WebPage\",\"@id\":\"https:\\\/\\\/inminer.es\\\/ciclo-del-agua\\\/\",\"url\":\"https:\\\/\\\/inminer.es\\\/ciclo-del-agua\\\/\",\"name\":\"Estudios de inundabilidad | Inminer\",\"isPartOf\":{\"@id\":\"https:\\\/\\\/inminer.es\\\/#website\"},\"datePublished\":\"2023-03-15T11:25:08+00:00\",\"dateModified\":\"2026-04-16T11:02:14+00:00\",\"description\":\"Realizamos estudios de inundabilidad para evaluar el riesgo de inundaciones y planificar medidas de prevenci\u00f3n. Soluciones profesionales adaptadas a cada proyecto.\",\"breadcrumb\":{\"@id\":\"https:\\\/\\\/inminer.es\\\/ciclo-del-agua\\\/#breadcrumb\"},\"inLanguage\":\"en-GB\",\"potentialAction\":[{\"@type\":\"ReadAction\",\"target\":[\"https:\\\/\\\/inminer.es\\\/ciclo-del-agua\\\/\"]}]},{\"@type\":\"BreadcrumbList\",\"@id\":\"https:\\\/\\\/inminer.es\\\/ciclo-del-agua\\\/#breadcrumb\",\"itemListElement\":[{\"@type\":\"ListItem\",\"position\":1,\"name\":\"Portada\",\"item\":\"https:\\\/\\\/inminer.es\\\/\"},{\"@type\":\"ListItem\",\"position\":2,\"name\":\"CICLO DEL AGUA\"}]},{\"@type\":\"WebSite\",\"@id\":\"https:\\\/\\\/inminer.es\\\/#website\",\"url\":\"https:\\\/\\\/inminer.es\\\/\",\"name\":\"INM\u00cdNER\",\"description\":\"\",\"potentialAction\":[{\"@type\":\"SearchAction\",\"target\":{\"@type\":\"EntryPoint\",\"urlTemplate\":\"https:\\\/\\\/inminer.es\\\/?s={search_term_string}\"},\"query-input\":{\"@type\":\"PropertyValueSpecification\",\"valueRequired\":true,\"valueName\":\"search_term_string\"}}],\"inLanguage\":\"en-GB\"}]}<\/script>\n<!-- \/ Yoast SEO plugin. -->","yoast_head_json":{"title":"Estudios de inundabilidad | Inminer","description":"Realizamos estudios de inundabilidad para evaluar el riesgo de inundaciones y planificar medidas de prevenci\u00f3n. Soluciones profesionales adaptadas a cada proyecto.","robots":{"index":"index","follow":"follow","max-snippet":"max-snippet:-1","max-image-preview":"max-image-preview:large","max-video-preview":"max-video-preview:-1"},"canonical":"https:\/\/inminer.es\/en\/ciclo-del-agua\/","og_locale":"en_GB","og_type":"article","og_title":"Estudios de inundabilidad | Inminer","og_description":"Realizamos estudios de inundabilidad para evaluar el riesgo de inundaciones y planificar medidas de prevenci\u00f3n. Soluciones profesionales adaptadas a cada proyecto.","og_url":"https:\/\/inminer.es\/en\/ciclo-del-agua\/","og_site_name":"INM\u00cdNER","article_modified_time":"2026-04-16T11:02:14+00:00","twitter_card":"summary_large_image","twitter_misc":{"Estimated reading time":"4 minutes"},"schema":{"@context":"https:\/\/schema.org","@graph":[{"@type":"WebPage","@id":"https:\/\/inminer.es\/ciclo-del-agua\/","url":"https:\/\/inminer.es\/ciclo-del-agua\/","name":"Estudios de inundabilidad | Inminer","isPartOf":{"@id":"https:\/\/inminer.es\/#website"},"datePublished":"2023-03-15T11:25:08+00:00","dateModified":"2026-04-16T11:02:14+00:00","description":"Realizamos estudios de inundabilidad para evaluar el riesgo de inundaciones y planificar medidas de prevenci\u00f3n. Soluciones profesionales adaptadas a cada proyecto.","breadcrumb":{"@id":"https:\/\/inminer.es\/ciclo-del-agua\/#breadcrumb"},"inLanguage":"en-GB","potentialAction":[{"@type":"ReadAction","target":["https:\/\/inminer.es\/ciclo-del-agua\/"]}]},{"@type":"BreadcrumbList","@id":"https:\/\/inminer.es\/ciclo-del-agua\/#breadcrumb","itemListElement":[{"@type":"ListItem","position":1,"name":"Portada","item":"https:\/\/inminer.es\/"},{"@type":"ListItem","position":2,"name":"CICLO DEL AGUA"}]},{"@type":"WebSite","@id":"https:\/\/inminer.es\/#website","url":"https:\/\/inminer.es\/","name":"INM\u00cdNER","description":"","potentialAction":[{"@type":"SearchAction","target":{"@type":"EntryPoint","urlTemplate":"https:\/\/inminer.es\/?s={search_term_string}"},"query-input":{"@type":"PropertyValueSpecification","valueRequired":true,"valueName":"search_term_string"}}],"inLanguage":"en-GB"}]}},"_links":{"self":[{"href":"https:\/\/inminer.es\/en\/wp-json\/wp\/v2\/pages\/966","targetHints":{"allow":["GET"]}}],"collection":[{"href":"https:\/\/inminer.es\/en\/wp-json\/wp\/v2\/pages"}],"about":[{"href":"https:\/\/inminer.es\/en\/wp-json\/wp\/v2\/types\/page"}],"author":[{"embeddable":true,"href":"https:\/\/inminer.es\/en\/wp-json\/wp\/v2\/users\/1"}],"replies":[{"embeddable":true,"href":"https:\/\/inminer.es\/en\/wp-json\/wp\/v2\/comments?post=966"}],"version-history":[{"count":7,"href":"https:\/\/inminer.es\/en\/wp-json\/wp\/v2\/pages\/966\/revisions"}],"predecessor-version":[{"id":2007,"href":"https:\/\/inminer.es\/en\/wp-json\/wp\/v2\/pages\/966\/revisions\/2007"}],"wp:attachment":[{"href":"https:\/\/inminer.es\/en\/wp-json\/wp\/v2\/media?parent=966"}],"curies":[{"name":"wp","href":"https:\/\/api.w.org\/{rel}","templated":true}]}}