{"id":979,"date":"2023-03-15T11:52:36","date_gmt":"2023-03-15T11:52:36","guid":{"rendered":"https:\/\/inminer.es\/?page_id=979"},"modified":"2025-02-04T10:39:14","modified_gmt":"2025-02-04T08:39:14","slug":"seguridad-industrial","status":"publish","type":"page","link":"https:\/\/inminer.es\/en\/seguridad-industrial\/","title":{"rendered":"INDUSTRIAL SAFETY"},"content":{"rendered":"<div id=\"wpc_69de3aca1aba7\" class=\"vc_row wpb_row vc_row-fluid\">\n\t\t<div class=\"row_inner_wrapper  clearfix\">\n\t\t\t<div class=\"row_inner row_center_content clearfix\"><div class=\"wpb_column vc_column_container vc_col-sm-12\"><div class=\"vc_column-inner\"><div class=\"wpb_wrapper\">\n\t<div class=\"wpb_text_column wpb_content_element\" >\n\t\t<div class=\"wpb_wrapper\">\n\t\t\t<p style=\"text-align: justify;\" class=\"translation-block\">INM\u00cdNER INGENIER\u00cdA, in its commitment to the safety and health of people, within the comprehensive services in construction works, we have trained and experienced personnel in the management of safety and health on site. These safety technicians have the goal of carrying out safety surveillance work on site, coordinating activities related to safety and working towards preventive activity on site.<\/p>\n<p style=\"text-align: justify;\" class=\"translation-block\">We have a team of professionals\n  highly trained and with extensive experience in the sector, who are responsible for carrying out inspection and supervision of works, to detect possible risks and guarantee compliance with health and safety regulations.<\/p>\n<p style=\"text-align: justify;\" class=\"translation-block\">INM\u00cdNER INGENIER\u00cdA is committed to offering safety technician services on site, guaranteeing the well-being of workers and complying with regulations and legal requirements regarding health and safety.<\/p>\n\n\t\t<\/div>\n\t<\/div>\n<\/div><\/div><\/div>\n\t\t\t<\/div>\n\t\t<\/div>\n<\/div>\n<div id=\"organismo\" class=\"vc_row wpb_row vc_row-fluid\">\n\t\t<div class=\"row_inner_wrapper  clearfix\" style=\"margin-top: 60px;\">\n\t\t\t<div class=\"row_inner row_center_content clearfix\"><div class=\"wpb_column vc_column_container vc_col-sm-6\"><div class=\"vc_column-inner\"><div class=\"wpb_wrapper\">\n\t<div  class=\"wpb_single_image wpb_content_element vc_align_center\">\n\t\t\n\t\t<figure class=\"wpb_wrapper vc_figure\">\n\t\t\t<div class=\"vc_single_image-wrapper   vc_box_border_grey\"><img decoding=\"async\" width=\"1024\" height=\"683\" data-src=\"https:\/\/inminer.es\/wp-content\/uploads\/2023\/05\/organismo-de-inspeccion-maquinas-inminer.jpg\" class=\"vc_single_image-img attachment-full lazyload\" alt=\"\" src=\"data:image\/svg+xml;base64,PHN2ZyB3aWR0aD0iMSIgaGVpZ2h0PSIxIiB4bWxucz0iaHR0cDovL3d3dy53My5vcmcvMjAwMC9zdmciPjwvc3ZnPg==\" style=\"--smush-placeholder-width: 1024px; --smush-placeholder-aspect-ratio: 1024\/683;\" \/><\/div>\n\t\t<\/figure>\n\t<\/div>\n<\/div><\/div><\/div><div class=\"wpb_column vc_column_container vc_col-sm-6\"><div class=\"vc_column-inner\"><div class=\"wpb_wrapper\">\n\t<div class=\"custom-heading wpb_content_element\">\n\t\t<h2 class=\"heading-title\" >Machine inspection organization. RD 1215\/97<\/h2>\n\t\t<span class=\"heading-line primary\"><\/span>\n\t<\/div>\n\t<div class=\"wpb_text_column wpb_content_element\" >\n\t\t<div class=\"wpb_wrapper\">\n\t\t\t<p style=\"text-align: justify;\">Inm\u00edner Ingenier\u00eda dispone de una Entidad de Inspecci\u00f3n de M\u00e1quinas acreditada por ENAC con N\u00ba 557\/EI893, para evaluar el cumplimiento del Real Decreto 1215\/1997 de m\u00e1quinas en funcionamiento, norma que establece las disposiciones m\u00ednimas de seguridad y salud para la utilizaci\u00f3n por los trabajadores de los equipos de trabajo.<\/p>\n<p style=\"text-align: justify;\">Our inspection services focus on guaranteeing compliance with the security provisions and requirements established in the Royal Decree. To do this, we carry out a thorough evaluation of the machinery and its use environment, with the aim of identifying possible risks and vulnerabilities, following a work procedure designed with the highest quality standards.<\/p>\n<p style=\"text-align: justify;\">During the inspection, we verify that the object equipment meets the design, construction, installation and maintenance requirements necessary to ensure its safety. We also review the technical documentation of the equipment, in order to ensure that the health and safety requirements established in the standard are met.<\/p>\n<p style=\"text-align: justify;\">Once the inspection is complete, we issue a report detailing the conclusions and, if necessary, those provisions that the equipment does not comply with.<\/p>\n<p style=\"text-align: justify;\">On the other hand, Inm\u00edner Engineering has personnel to carry out correction planning for the non-conformities found by the inspector, carrying out everything from the design to the implementation of said measures.<\/p>\n\n\t\t<\/div>\n\t<\/div>\n<\/div><\/div><\/div>\n\t\t\t<\/div>\n\t\t<\/div>\n<\/div>\n<div id=\"wpc_69de3aca1d6e5\" class=\"vc_row wpb_row vc_row-fluid\">\n\t\t<div class=\"row_inner_wrapper  clearfix\">\n\t\t\t<div class=\"row_inner row_center_content clearfix\"><div class=\"wpb_column vc_column_container vc_col-sm-12\"><div class=\"vc_column-inner\"><div class=\"wpb_wrapper\"><div class=\"vc_separator wpb_content_element vc_separator_align_center vc_sep_width_70 vc_sep_border_width_2 vc_sep_pos_align_center vc_separator_no_text vc_sep_color_grey vc_custom_1684859642522  vc_custom_1684859642522\" ><span class=\"vc_sep_holder vc_sep_holder_l\"><span  class=\"vc_sep_line\"><\/span><\/span><span class=\"vc_sep_holder vc_sep_holder_r\"><span  class=\"vc_sep_line\"><\/span><\/span>\n<\/div><\/div><\/div><\/div>\n\t\t\t<\/div>\n\t\t<\/div>\n<\/div>\n<div id=\"marcado\" class=\"vc_row wpb_row vc_row-fluid\">\n\t\t<div class=\"row_inner_wrapper  clearfix\">\n\t\t\t<div class=\"row_inner row_center_content clearfix\"><div class=\"wpb_column vc_column_container vc_col-sm-6\"><div class=\"vc_column-inner\"><div class=\"wpb_wrapper\">\n\t<div class=\"custom-heading wpb_content_element\">\n\t\t<h2 class=\"heading-title\" >CE marking<\/h2>\n\t\t<span class=\"heading-line primary\"><\/span>\n\t<\/div>\n\t<div class=\"wpb_text_column wpb_content_element\" >\n\t\t<div class=\"wpb_wrapper\">\n\t\t\t<p style=\"text-align: justify;\">Made up of a large team of professionals, our company has extensive experience in providing engineering and consulting services related to safety in machines, production lines, as well as in other areas of industrial safety.<\/p>\n<p style=\"text-align: justify;\">The CE marking is mandatory for a wide variety of products, with Inm\u00edner Ingenier\u00eda being a company specialized in the CE marking of machines and production lines.<\/p>\n<p style=\"text-align: justify;\">We are suppliers to large companies belonging to various industry sectors such as petrochemicals, transportation, machinery manufacturing, agriculture, logistics, etc., so we have an important accumulated know-how.<\/p>\n<p style=\"text-align: justify;\">Thanks to this knowledge, we work intrinsically on projects at a global level, providing comprehensive solutions to our clients in each of the phases of their life: from the conception itself, its construction, its useful life and of course the final phase. of dismantling. All of this with the sole objective of making industrial centers increasingly safer environments.<\/p>\n<p style=\"text-align: justify;\">All this experience that our engineers have is backed by the corresponding T\u00dcV Rheinland certificates and the ENAC ISO 17020 accreditation, Inspection of machines in use.<\/p>\n<p style=\"text-align: justify;\">If you need information about whether your machines require this type of certification, contact our team and you will receive specialized advice.<\/p>\n\n\t\t<\/div>\n\t<\/div>\n<\/div><\/div><\/div><div class=\"wpb_column vc_column_container vc_col-sm-6\"><div class=\"vc_column-inner\"><div class=\"wpb_wrapper\">\n\t<div  class=\"wpb_single_image wpb_content_element vc_align_center\">\n\t\t\n\t\t<figure class=\"wpb_wrapper vc_figure\">\n\t\t\t<div class=\"vc_single_image-wrapper   vc_box_border_grey\"><img decoding=\"async\" width=\"1024\" height=\"683\" data-src=\"https:\/\/inminer.es\/wp-content\/uploads\/2023\/05\/marcado-ce-inminer.jpg\" class=\"vc_single_image-img attachment-full lazyload\" alt=\"\" src=\"data:image\/svg+xml;base64,PHN2ZyB3aWR0aD0iMSIgaGVpZ2h0PSIxIiB4bWxucz0iaHR0cDovL3d3dy53My5vcmcvMjAwMC9zdmciPjwvc3ZnPg==\" style=\"--smush-placeholder-width: 1024px; --smush-placeholder-aspect-ratio: 1024\/683;\" \/><\/div>\n\t\t<\/figure>\n\t<\/div>\n<\/div><\/div><\/div>\n\t\t\t<\/div>\n\t\t<\/div>\n<\/div>\n<div id=\"wpc_69de3aca1f32e\" class=\"vc_row wpb_row vc_row-fluid\">\n\t\t<div class=\"row_inner_wrapper  clearfix\">\n\t\t\t<div class=\"row_inner row_center_content clearfix\"><div class=\"wpb_column vc_column_container vc_col-sm-12\"><div class=\"vc_column-inner\"><div class=\"wpb_wrapper\"><div class=\"vc_separator wpb_content_element vc_separator_align_center vc_sep_width_70 vc_sep_border_width_2 vc_sep_pos_align_center vc_separator_no_text vc_sep_color_grey vc_custom_1684859648608  vc_custom_1684859648608\" ><span class=\"vc_sep_holder vc_sep_holder_l\"><span  class=\"vc_sep_line\"><\/span><\/span><span class=\"vc_sep_holder vc_sep_holder_r\"><span  class=\"vc_sep_line\"><\/span><\/span>\n<\/div><\/div><\/div><\/div>\n\t\t\t<\/div>\n\t\t<\/div>\n<\/div>\n<div id=\"amianto\" class=\"vc_row wpb_row vc_row-fluid\">\n\t\t<div class=\"row_inner_wrapper  clearfix\">\n\t\t\t<div class=\"row_inner row_center_content clearfix\"><div class=\"wpb_column vc_column_container vc_col-sm-6\"><div class=\"vc_column-inner\"><div class=\"wpb_wrapper\">\n\t<div  class=\"wpb_single_image wpb_content_element vc_align_center\">\n\t\t\n\t\t<figure class=\"wpb_wrapper vc_figure\">\n\t\t\t<div class=\"vc_single_image-wrapper   vc_box_border_grey\"><img decoding=\"async\" width=\"282\" height=\"698\" data-src=\"https:\/\/inminer.es\/wp-content\/uploads\/2023\/05\/Sin-titulo.jpg\" class=\"vc_single_image-img attachment-full lazyload\" alt=\"\" data-srcset=\"https:\/\/inminer.es\/wp-content\/uploads\/2023\/05\/Sin-titulo.jpg 282w, https:\/\/inminer.es\/wp-content\/uploads\/2023\/05\/Sin-titulo-121x300.jpg 121w\" data-sizes=\"(max-width: 282px) 100vw, 282px\" src=\"data:image\/svg+xml;base64,PHN2ZyB3aWR0aD0iMSIgaGVpZ2h0PSIxIiB4bWxucz0iaHR0cDovL3d3dy53My5vcmcvMjAwMC9zdmciPjwvc3ZnPg==\" style=\"--smush-placeholder-width: 282px; --smush-placeholder-aspect-ratio: 282\/698;\" \/><\/div>\n\t\t<\/figure>\n\t<\/div>\n<\/div><\/div><\/div><div class=\"wpb_column vc_column_container vc_col-sm-6\"><div class=\"vc_column-inner\"><div class=\"wpb_wrapper\">\n\t<div class=\"custom-heading wpb_content_element\">\n\t\t<h2 class=\"heading-title\" >Asbestos maps<\/h2>\n\t\t<span class=\"heading-line primary\"><\/span>\n\t<\/div>\n\t<div class=\"wpb_text_column wpb_content_element\" >\n\t\t<div class=\"wpb_wrapper\">\n\t\t\t<p style=\"text-align: justify;\">In our commitment to safety and health at work, Inm\u00edner Ingenier\u00eda puts its engineering team at the service of occupational health in matters of exposure to asbestos.<\/p>\n<p style=\"text-align: justify;\">With a team specifically trained in the detection and handling of this dangerous material, Inminer Engineering offers the possibility of carrying out related work:<\/p>\n<ul>\n<li>\n<p style=\"text-align: justify;\">Removal plans: necessary for those works that require the elimination of this material, either by replacement or by dismantling.<\/p>\n<\/li>\n<li>\n<p style=\"text-align: justify;\">Design and manufacturing of decontamination cabins. Knowing the standard, our team of professionals trained in asbestos and engineering design decontamination cabins in accordance with the regulations and that satisfy the client's needs.<\/p>\n<\/li>\n<li>\n<p style=\"text-align: justify;\">Design of work procedures focused on safe work in areas contaminated with asbestos, action plans planned over time for the elimination of this material, etc.<\/p>\n<\/li>\n<li>\n<p style=\"text-align: justify;\">Sampling of materials likely to contain asbestos.<\/p>\n<\/li>\n<li>\n<p style=\"text-align: justify;\">Asbestos maps: documentary and field research of a specific area in which the aim is to carefully locate the presence of asbestos and its specific location.<\/p>\n<\/li>\n<\/ul>\n\n\t\t<\/div>\n\t<\/div>\n<\/div><\/div><\/div>\n\t\t\t<\/div>\n\t\t<\/div>\n<\/div>\n<div id=\"wpc_69de3aca20f6a\" class=\"vc_row wpb_row vc_row-fluid\">\n\t\t<div class=\"row_inner_wrapper  clearfix\">\n\t\t\t<div class=\"row_inner row_center_content clearfix\"><div class=\"wpb_column vc_column_container vc_col-sm-12\"><div class=\"vc_column-inner\"><div class=\"wpb_wrapper\"><div class=\"vc_separator wpb_content_element vc_separator_align_center vc_sep_width_70 vc_sep_border_width_2 vc_sep_pos_align_center vc_separator_no_text vc_sep_color_grey vc_custom_1684859654886  vc_custom_1684859654886\" ><span class=\"vc_sep_holder vc_sep_holder_l\"><span  class=\"vc_sep_line\"><\/span><\/span><span class=\"vc_sep_holder vc_sep_holder_r\"><span  class=\"vc_sep_line\"><\/span><\/span>\n<\/div><\/div><\/div><\/div>\n\t\t\t<\/div>\n\t\t<\/div>\n<\/div>\n<div id=\"almacenamiento\" class=\"vc_row wpb_row vc_row-fluid\">\n\t\t<div class=\"row_inner_wrapper  clearfix\">\n\t\t\t<div class=\"row_inner row_center_content clearfix\"><div class=\"wpb_column vc_column_container vc_col-sm-6\"><div class=\"vc_column-inner\"><div class=\"wpb_wrapper\">\n\t<div class=\"custom-heading wpb_content_element\">\n\t\t<h2 class=\"heading-title\" >Chemical Storage Projects<\/h2>\n\t\t<span class=\"heading-line primary\"><\/span>\n\t<\/div>\n\t<div class=\"wpb_text_column wpb_content_element\" >\n\t\t<div class=\"wpb_wrapper\">\n\t\t\t<p style=\"text-align: justify;\">INM\u00cdNER ING. is specialized in the design and construction of chemical product warehouses (APQ). We work for petrochemical plants, solar thermal plants, mining operations, treatment plants, wastewater stations, etc.<\/p>\n<p style=\"text-align: justify;\">In Spain, the regulations that regulate chemical product warehouses (APQ) are Royal Decree 656\/2017, of June 23, which approves the Regulation for the Storage of Chemical Products and their Complementary Technical Instructions MIE APQ 0 to 10 This regulation establishes the safety measures that must be applied for the storage of chemical products, in order to prevent accidents and minimize risks to people, the environment and material assets.<\/p>\n<p style=\"text-align: justify;\">The regulation establishes the conditions for the design, construction, maintenance and operation of chemical product warehouses, as well as the requirements for safety management in the storage of these products. The obligations and responsibilities of the owners of the warehouses, as well as the workers and the competent bodies in matters of industrial safety, were also established.<\/p>\n<p style=\"text-align: justify;\">In addition, there are other regulations related to the storage of chemical products, such as the Occupational Risk Prevention Law, the Law on Waste and Contaminated Soils, the Water Law and the specific regulations for each industrial sector that uses chemical products.<\/p>\n\n\t\t<\/div>\n\t<\/div>\n<\/div><\/div><\/div><div class=\"wpb_column vc_column_container vc_col-sm-6\"><div class=\"vc_column-inner\"><div class=\"wpb_wrapper\">\n\t<div  class=\"wpb_single_image wpb_content_element vc_align_center\">\n\t\t\n\t\t<figure class=\"wpb_wrapper vc_figure\">\n\t\t\t<div class=\"vc_single_image-wrapper   vc_box_border_grey\"><img decoding=\"async\" width=\"1024\" height=\"683\" data-src=\"https:\/\/inminer.es\/wp-content\/uploads\/2023\/05\/proyectos-de-almacenamiento-de-productos-quimicos-inminer.jpg\" class=\"vc_single_image-img attachment-full lazyload\" alt=\"\" data-srcset=\"https:\/\/inminer.es\/wp-content\/uploads\/2023\/05\/proyectos-de-almacenamiento-de-productos-quimicos-inminer.jpg 1024w, https:\/\/inminer.es\/wp-content\/uploads\/2023\/05\/proyectos-de-almacenamiento-de-productos-quimicos-inminer-300x200.jpg 300w, https:\/\/inminer.es\/wp-content\/uploads\/2023\/05\/proyectos-de-almacenamiento-de-productos-quimicos-inminer-768x512.jpg 768w\" data-sizes=\"(max-width: 1024px) 100vw, 1024px\" src=\"data:image\/svg+xml;base64,PHN2ZyB3aWR0aD0iMSIgaGVpZ2h0PSIxIiB4bWxucz0iaHR0cDovL3d3dy53My5vcmcvMjAwMC9zdmciPjwvc3ZnPg==\" style=\"--smush-placeholder-width: 1024px; --smush-placeholder-aspect-ratio: 1024\/683;\" \/><\/div>\n\t\t<\/figure>\n\t<\/div>\n<\/div><\/div><\/div>\n\t\t\t<\/div>\n\t\t<\/div>\n<\/div>\n<div id=\"wpc_69de3aca22b65\" class=\"vc_row wpb_row vc_row-fluid\">\n\t\t<div class=\"row_inner_wrapper  clearfix\">\n\t\t\t<div class=\"row_inner row_center_content clearfix\"><div class=\"wpb_column vc_column_container vc_col-sm-12\"><div class=\"vc_column-inner\"><div class=\"wpb_wrapper\"><div class=\"vc_separator wpb_content_element vc_separator_align_center vc_sep_width_70 vc_sep_border_width_2 vc_sep_pos_align_center vc_separator_no_text vc_sep_color_grey vc_custom_1684859660072  vc_custom_1684859660072\" ><span class=\"vc_sep_holder vc_sep_holder_l\"><span  class=\"vc_sep_line\"><\/span><\/span><span class=\"vc_sep_holder vc_sep_holder_r\"><span  class=\"vc_sep_line\"><\/span><\/span>\n<\/div><\/div><\/div><\/div>\n\t\t\t<\/div>\n\t\t<\/div>\n<\/div>\n<div id=\"planes\" class=\"vc_row wpb_row vc_row-fluid\">\n\t\t<div class=\"row_inner_wrapper  clearfix\">\n\t\t\t<div class=\"row_inner row_center_content clearfix\"><div class=\"wpb_column vc_column_container vc_col-sm-6\"><div class=\"vc_column-inner\"><div class=\"wpb_wrapper\">\n\t<div  class=\"wpb_single_image wpb_content_element vc_align_center\">\n\t\t\n\t\t<figure class=\"wpb_wrapper vc_figure\">\n\t\t\t<div class=\"vc_single_image-wrapper   vc_box_border_grey\"><img decoding=\"async\" width=\"1024\" height=\"683\" data-src=\"https:\/\/inminer.es\/wp-content\/uploads\/2023\/05\/planes-de-autoproteccion-inminer.jpg\" class=\"vc_single_image-img attachment-full lazyload\" alt=\"\" src=\"data:image\/svg+xml;base64,PHN2ZyB3aWR0aD0iMSIgaGVpZ2h0PSIxIiB4bWxucz0iaHR0cDovL3d3dy53My5vcmcvMjAwMC9zdmciPjwvc3ZnPg==\" style=\"--smush-placeholder-width: 1024px; --smush-placeholder-aspect-ratio: 1024\/683;\" \/><\/div>\n\t\t<\/figure>\n\t<\/div>\n<\/div><\/div><\/div><div class=\"wpb_column vc_column_container vc_col-sm-6\"><div class=\"vc_column-inner\"><div class=\"wpb_wrapper\">\n\t<div class=\"custom-heading wpb_content_element\">\n\t\t<h2 class=\"heading-title\" >Self-protection plans<\/h2>\n\t\t<span class=\"heading-line primary\"><\/span>\n\t<\/div>\n\t<div class=\"wpb_text_column wpb_content_element\" >\n\t\t<div class=\"wpb_wrapper\">\n\t\t\t<p style=\"text-align: justify;\">The industrial safety department of INM\u00cdNER ING., INM\u00cdNER SAFETY, reaches all levels of protection for any type of industry. At the initial level of security, it is always necessary to start with self-protection plans.<\/p>\n<p style=\"text-align: justify;\">Self-protection plans are essential to guarantee the safety and protection of people and property in the event of an emergency or accident.<\/p>\n<p style=\"text-align: justify;\">Each type of industry has its own characteristics and specific risks, so it is important to develop self-protection plans adapted to each case. These plans must contemplate the procedures and security measures necessary to prevent, reduce and respond to possible risks and emergencies that may occur in the corresponding industrial activity.<\/p>\n<p style=\"text-align: justify;\">Among the aspects that must be considered when developing a self-protection plan for an industry are:<\/p>\n<ul>\n<li>\n<p style=\"text-align: justify;\">Identification of possible risks and emergencies that may occur in industrial activity.<\/p>\n<\/li>\n<li>\n<p style=\"text-align: justify;\">Description of the procedures and measures for risk prevention and mitigation.<\/p>\n<\/li>\n<li>\n<p style=\"text-align: justify;\">Definition of actions and action protocols in case of emergency.<\/p>\n<\/li>\n<li>\n<p style=\"text-align: justify;\">Establishment of communication and coordination systems between the different services and organizations involved in self-protection.<\/p>\n<\/li>\n<li>\n<p style=\"text-align: justify;\">Training and information to staff and workers on self-protection procedures and measures.<\/p>\n<\/li>\n<\/ul>\n<p style=\"text-align: justify;\">It is important that self-protection plans are updated periodically, to ensure that they remain up to date and adapt to possible changes in industrial activity or applicable regulations.<\/p>\n\n\t\t<\/div>\n\t<\/div>\n<\/div><\/div><\/div>\n\t\t\t<\/div>\n\t\t<\/div>\n<\/div>","protected":false},"excerpt":{"rendered":"INM\u00cdNER INGENIER\u00cdA, en su compromiso con la seguridad y salud de las personas, dentro de los servicios integrales en obras de ...","protected":false},"author":1,"featured_media":0,"parent":0,"menu_order":0,"comment_status":"closed","ping_status":"closed","template":"","meta":{"footnotes":""},"class_list":["post-979","page","type-page","status-publish","hentry"],"yoast_head":"<!-- This site is optimized with the Yoast SEO plugin v26.9 - https:\/\/yoast.com\/product\/yoast-seo-wordpress\/ -->\n<title>SEGURIDAD INDUSTRIAL - INM\u00cdNER<\/title>\n<meta name=\"robots\" content=\"index, follow, max-snippet:-1, max-image-preview:large, max-video-preview:-1\" \/>\n<link rel=\"canonical\" href=\"https:\/\/inminer.es\/en\/seguridad-industrial\/\" \/>\n<meta property=\"og:locale\" content=\"en_GB\" \/>\n<meta property=\"og:type\" content=\"article\" \/>\n<meta property=\"og:title\" content=\"SEGURIDAD INDUSTRIAL - INM\u00cdNER\" \/>\n<meta property=\"og:url\" content=\"https:\/\/inminer.es\/en\/seguridad-industrial\/\" \/>\n<meta property=\"og:site_name\" content=\"INM\u00cdNER\" \/>\n<meta property=\"article:modified_time\" content=\"2025-02-04T08:39:14+00:00\" \/>\n<meta name=\"twitter:card\" content=\"summary_large_image\" \/>\n<meta name=\"twitter:label1\" content=\"Estimated reading time\" \/>\n\t<meta name=\"twitter:data1\" content=\"7 minutes\" \/>\n<script type=\"application\/ld+json\" class=\"yoast-schema-graph\">{\"@context\":\"https:\/\/schema.org\",\"@graph\":[{\"@type\":\"WebPage\",\"@id\":\"https:\/\/inminer.es\/seguridad-industrial\/\",\"url\":\"https:\/\/inminer.es\/seguridad-industrial\/\",\"name\":\"SEGURIDAD INDUSTRIAL - INM\u00cdNER\",\"isPartOf\":{\"@id\":\"https:\/\/inminer.es\/#website\"},\"datePublished\":\"2023-03-15T11:52:36+00:00\",\"dateModified\":\"2025-02-04T08:39:14+00:00\",\"breadcrumb\":{\"@id\":\"https:\/\/inminer.es\/seguridad-industrial\/#breadcrumb\"},\"inLanguage\":\"en-GB\",\"potentialAction\":[{\"@type\":\"ReadAction\",\"target\":[\"https:\/\/inminer.es\/seguridad-industrial\/\"]}]},{\"@type\":\"BreadcrumbList\",\"@id\":\"https:\/\/inminer.es\/seguridad-industrial\/#breadcrumb\",\"itemListElement\":[{\"@type\":\"ListItem\",\"position\":1,\"name\":\"Portada\",\"item\":\"https:\/\/inminer.es\/\"},{\"@type\":\"ListItem\",\"position\":2,\"name\":\"SEGURIDAD INDUSTRIAL\"}]},{\"@type\":\"WebSite\",\"@id\":\"https:\/\/inminer.es\/#website\",\"url\":\"https:\/\/inminer.es\/\",\"name\":\"INM\u00cdNER\",\"description\":\"\",\"potentialAction\":[{\"@type\":\"SearchAction\",\"target\":{\"@type\":\"EntryPoint\",\"urlTemplate\":\"https:\/\/inminer.es\/?s={search_term_string}\"},\"query-input\":{\"@type\":\"PropertyValueSpecification\",\"valueRequired\":true,\"valueName\":\"search_term_string\"}}],\"inLanguage\":\"en-GB\"}]}<\/script>\n<!-- \/ Yoast SEO plugin. -->","yoast_head_json":{"title":"SEGURIDAD INDUSTRIAL - INM\u00cdNER","robots":{"index":"index","follow":"follow","max-snippet":"max-snippet:-1","max-image-preview":"max-image-preview:large","max-video-preview":"max-video-preview:-1"},"canonical":"https:\/\/inminer.es\/en\/seguridad-industrial\/","og_locale":"en_GB","og_type":"article","og_title":"SEGURIDAD INDUSTRIAL - INM\u00cdNER","og_url":"https:\/\/inminer.es\/en\/seguridad-industrial\/","og_site_name":"INM\u00cdNER","article_modified_time":"2025-02-04T08:39:14+00:00","twitter_card":"summary_large_image","twitter_misc":{"Estimated reading time":"7 minutes"},"schema":{"@context":"https:\/\/schema.org","@graph":[{"@type":"WebPage","@id":"https:\/\/inminer.es\/seguridad-industrial\/","url":"https:\/\/inminer.es\/seguridad-industrial\/","name":"SEGURIDAD INDUSTRIAL - INM\u00cdNER","isPartOf":{"@id":"https:\/\/inminer.es\/#website"},"datePublished":"2023-03-15T11:52:36+00:00","dateModified":"2025-02-04T08:39:14+00:00","breadcrumb":{"@id":"https:\/\/inminer.es\/seguridad-industrial\/#breadcrumb"},"inLanguage":"en-GB","potentialAction":[{"@type":"ReadAction","target":["https:\/\/inminer.es\/seguridad-industrial\/"]}]},{"@type":"BreadcrumbList","@id":"https:\/\/inminer.es\/seguridad-industrial\/#breadcrumb","itemListElement":[{"@type":"ListItem","position":1,"name":"Portada","item":"https:\/\/inminer.es\/"},{"@type":"ListItem","position":2,"name":"SEGURIDAD INDUSTRIAL"}]},{"@type":"WebSite","@id":"https:\/\/inminer.es\/#website","url":"https:\/\/inminer.es\/","name":"INM\u00cdNER","description":"","potentialAction":[{"@type":"SearchAction","target":{"@type":"EntryPoint","urlTemplate":"https:\/\/inminer.es\/?s={search_term_string}"},"query-input":{"@type":"PropertyValueSpecification","valueRequired":true,"valueName":"search_term_string"}}],"inLanguage":"en-GB"}]}},"_links":{"self":[{"href":"https:\/\/inminer.es\/en\/wp-json\/wp\/v2\/pages\/979","targetHints":{"allow":["GET"]}}],"collection":[{"href":"https:\/\/inminer.es\/en\/wp-json\/wp\/v2\/pages"}],"about":[{"href":"https:\/\/inminer.es\/en\/wp-json\/wp\/v2\/types\/page"}],"author":[{"embeddable":true,"href":"https:\/\/inminer.es\/en\/wp-json\/wp\/v2\/users\/1"}],"replies":[{"embeddable":true,"href":"https:\/\/inminer.es\/en\/wp-json\/wp\/v2\/comments?post=979"}],"version-history":[{"count":13,"href":"https:\/\/inminer.es\/en\/wp-json\/wp\/v2\/pages\/979\/revisions"}],"predecessor-version":[{"id":1934,"href":"https:\/\/inminer.es\/en\/wp-json\/wp\/v2\/pages\/979\/revisions\/1934"}],"wp:attachment":[{"href":"https:\/\/inminer.es\/en\/wp-json\/wp\/v2\/media?parent=979"}],"curies":[{"name":"wp","href":"https:\/\/api.w.org\/{rel}","templated":true}]}}