{"id":996,"date":"2023-03-15T12:01:30","date_gmt":"2023-03-15T12:01:30","guid":{"rendered":"https:\/\/inminer.es\/?page_id=996"},"modified":"2023-06-14T18:02:25","modified_gmt":"2023-06-14T16:02:25","slug":"vehiculos-historicos","status":"publish","type":"page","link":"https:\/\/inminer.es\/en\/vehiculos-historicos\/","title":{"rendered":"VEH\u00cdCULOS HIST\u00d3RICOS"},"content":{"rendered":"<div id=\"wpc_69fb6e3ba2816\" class=\"vc_row wpb_row vc_row-fluid\">\n\t\t<div class=\"row_inner_wrapper  clearfix\">\n\t\t\t<div class=\"row_inner row_center_content clearfix\"><div class=\"wpb_column vc_column_container vc_col-sm-6\"><div class=\"vc_column-inner\"><div class=\"wpb_wrapper\">\n\t<div  class=\"wpb_single_image wpb_content_element vc_align_center\">\n\t\t\n\t\t<figure class=\"wpb_wrapper vc_figure\">\n\t\t\t<a href=\"https:\/\/carricochelab.es\" target=\"_self\" class=\"vc_single_image-wrapper   vc_box_border_grey\"><img decoding=\"async\" width=\"294\" height=\"300\" data-src=\"https:\/\/inminer.es\/wp-content\/uploads\/2023\/05\/carricoche-logo-294x300.png\" class=\"vc_single_image-img attachment-medium lazyload\" alt=\"\" data-srcset=\"https:\/\/inminer.es\/wp-content\/uploads\/2023\/05\/carricoche-logo-294x300.png 294w, https:\/\/inminer.es\/wp-content\/uploads\/2023\/05\/carricoche-logo.png 500w\" data-sizes=\"(max-width: 294px) 100vw, 294px\" src=\"data:image\/svg+xml;base64,PHN2ZyB3aWR0aD0iMSIgaGVpZ2h0PSIxIiB4bWxucz0iaHR0cDovL3d3dy53My5vcmcvMjAwMC9zdmciPjwvc3ZnPg==\" style=\"--smush-placeholder-width: 294px; --smush-placeholder-aspect-ratio: 294\/300;\" \/><\/a>\n\t\t<\/figure>\n\t<\/div>\n<\/div><\/div><\/div><div class=\"wpb_column vc_column_container vc_col-sm-6\"><div class=\"vc_column-inner\"><div class=\"wpb_wrapper\">\n\t<div class=\"custom-heading wpb_content_element\">\n\t\t<h2 class=\"heading-title\" >Historical Vehicle Laboratory<\/h2>\n\t\t<span class=\"heading-line primary\"><\/span>\n\t<\/div>\n\t<div class=\"wpb_text_column wpb_content_element\" >\n\t\t<div class=\"wpb_wrapper\">\n\t\t\t<p style=\"text-align: justify;\">Carricoche is the result of years of study, love and passion for classic vehicles. All this knowledge is concentrated in the first Historical Vehicle Laboratory in Spain, created by true connoisseurs, who have grown up inspired by the design, technology and engineering that marked past eras of motorsports and motorcycling worldwide.<\/p>\n<p style=\"text-align: justify;\">If you want to give your vehicle the historical recognition it deserves, do not hesitate to contact us. Unlike other laboratories, we are not only in charge of preparing the report, but also of accompanying you throughout the process until you obtain your favorable resolution.<\/p>\n\n\t\t<\/div>\n\t<\/div>\n<\/div><\/div><\/div>\n\t\t\t<\/div>\n\t\t<\/div>\n<\/div>\n<div id=\"wpc_69fb6e3ba4441\" class=\"vc_row wpb_row vc_row-fluid\">\n\t\t<div class=\"row_inner_wrapper  clearfix\">\n\t\t\t<div class=\"row_inner row_center_content clearfix\"><div class=\"wpb_column vc_column_container vc_col-sm-12\"><div class=\"vc_column-inner\"><div class=\"wpb_wrapper\"><div class=\"vc_separator wpb_content_element vc_separator_align_center vc_sep_width_70 vc_sep_border_width_2 vc_sep_pos_align_center vc_separator_no_text vc_sep_color_grey\" ><span class=\"vc_sep_holder vc_sep_holder_l\"><span  class=\"vc_sep_line\"><\/span><\/span><span class=\"vc_sep_holder vc_sep_holder_r\"><span  class=\"vc_sep_line\"><\/span><\/span>\n<\/div><\/div><\/div><\/div>\n\t\t\t<\/div>\n\t\t<\/div>\n<\/div>","protected":false},"excerpt":{"rendered":"Laboratorio de veh\u00edculos hist\u00f3ricos Carricoche, es el resultado de a\u00f1os de estudio, amor y pasi\u00f3n hacia los veh\u00edculos cl\u00e1sicos. Todo ese ...","protected":false},"author":1,"featured_media":0,"parent":0,"menu_order":0,"comment_status":"closed","ping_status":"closed","template":"","meta":{"footnotes":""},"class_list":["post-996","page","type-page","status-publish","hentry"],"yoast_head":"<!-- This site is optimized with the Yoast SEO plugin v27.4 - https:\/\/yoast.com\/product\/yoast-seo-wordpress\/ -->\n<title>VEH\u00cdCULOS HIST\u00d3RICOS - INM\u00cdNER<\/title>\n<meta name=\"robots\" content=\"index, follow, max-snippet:-1, max-image-preview:large, max-video-preview:-1\" \/>\n<link rel=\"canonical\" href=\"https:\/\/inminer.es\/en\/vehiculos-historicos\/\" \/>\n<meta property=\"og:locale\" content=\"en_GB\" \/>\n<meta property=\"og:type\" content=\"article\" \/>\n<meta property=\"og:title\" content=\"VEH\u00cdCULOS HIST\u00d3RICOS - INM\u00cdNER\" \/>\n<meta property=\"og:url\" content=\"https:\/\/inminer.es\/en\/vehiculos-historicos\/\" \/>\n<meta property=\"og:site_name\" content=\"INM\u00cdNER\" \/>\n<meta property=\"article:modified_time\" content=\"2023-06-14T16:02:25+00:00\" \/>\n<meta name=\"twitter:card\" content=\"summary_large_image\" \/>\n<meta name=\"twitter:label1\" content=\"Estimated reading time\" \/>\n\t<meta name=\"twitter:data1\" content=\"1 minute\" \/>\n<script type=\"application\/ld+json\" class=\"yoast-schema-graph\">{\"@context\":\"https:\\\/\\\/schema.org\",\"@graph\":[{\"@type\":\"WebPage\",\"@id\":\"https:\\\/\\\/inminer.es\\\/vehiculos-historicos\\\/\",\"url\":\"https:\\\/\\\/inminer.es\\\/vehiculos-historicos\\\/\",\"name\":\"VEH\u00cdCULOS HIST\u00d3RICOS - INM\u00cdNER\",\"isPartOf\":{\"@id\":\"https:\\\/\\\/inminer.es\\\/#website\"},\"datePublished\":\"2023-03-15T12:01:30+00:00\",\"dateModified\":\"2023-06-14T16:02:25+00:00\",\"breadcrumb\":{\"@id\":\"https:\\\/\\\/inminer.es\\\/vehiculos-historicos\\\/#breadcrumb\"},\"inLanguage\":\"en-GB\",\"potentialAction\":[{\"@type\":\"ReadAction\",\"target\":[\"https:\\\/\\\/inminer.es\\\/vehiculos-historicos\\\/\"]}]},{\"@type\":\"BreadcrumbList\",\"@id\":\"https:\\\/\\\/inminer.es\\\/vehiculos-historicos\\\/#breadcrumb\",\"itemListElement\":[{\"@type\":\"ListItem\",\"position\":1,\"name\":\"Portada\",\"item\":\"https:\\\/\\\/inminer.es\\\/\"},{\"@type\":\"ListItem\",\"position\":2,\"name\":\"VEH\u00cdCULOS HIST\u00d3RICOS\"}]},{\"@type\":\"WebSite\",\"@id\":\"https:\\\/\\\/inminer.es\\\/#website\",\"url\":\"https:\\\/\\\/inminer.es\\\/\",\"name\":\"INM\u00cdNER\",\"description\":\"\",\"potentialAction\":[{\"@type\":\"SearchAction\",\"target\":{\"@type\":\"EntryPoint\",\"urlTemplate\":\"https:\\\/\\\/inminer.es\\\/?s={search_term_string}\"},\"query-input\":{\"@type\":\"PropertyValueSpecification\",\"valueRequired\":true,\"valueName\":\"search_term_string\"}}],\"inLanguage\":\"en-GB\"}]}<\/script>\n<!-- \/ Yoast SEO plugin. -->","yoast_head_json":{"title":"VEH\u00cdCULOS HIST\u00d3RICOS - INM\u00cdNER","robots":{"index":"index","follow":"follow","max-snippet":"max-snippet:-1","max-image-preview":"max-image-preview:large","max-video-preview":"max-video-preview:-1"},"canonical":"https:\/\/inminer.es\/en\/vehiculos-historicos\/","og_locale":"en_GB","og_type":"article","og_title":"VEH\u00cdCULOS HIST\u00d3RICOS - INM\u00cdNER","og_url":"https:\/\/inminer.es\/en\/vehiculos-historicos\/","og_site_name":"INM\u00cdNER","article_modified_time":"2023-06-14T16:02:25+00:00","twitter_card":"summary_large_image","twitter_misc":{"Estimated reading time":"1 minute"},"schema":{"@context":"https:\/\/schema.org","@graph":[{"@type":"WebPage","@id":"https:\/\/inminer.es\/vehiculos-historicos\/","url":"https:\/\/inminer.es\/vehiculos-historicos\/","name":"VEH\u00cdCULOS HIST\u00d3RICOS - INM\u00cdNER","isPartOf":{"@id":"https:\/\/inminer.es\/#website"},"datePublished":"2023-03-15T12:01:30+00:00","dateModified":"2023-06-14T16:02:25+00:00","breadcrumb":{"@id":"https:\/\/inminer.es\/vehiculos-historicos\/#breadcrumb"},"inLanguage":"en-GB","potentialAction":[{"@type":"ReadAction","target":["https:\/\/inminer.es\/vehiculos-historicos\/"]}]},{"@type":"BreadcrumbList","@id":"https:\/\/inminer.es\/vehiculos-historicos\/#breadcrumb","itemListElement":[{"@type":"ListItem","position":1,"name":"Portada","item":"https:\/\/inminer.es\/"},{"@type":"ListItem","position":2,"name":"VEH\u00cdCULOS HIST\u00d3RICOS"}]},{"@type":"WebSite","@id":"https:\/\/inminer.es\/#website","url":"https:\/\/inminer.es\/","name":"INM\u00cdNER","description":"","potentialAction":[{"@type":"SearchAction","target":{"@type":"EntryPoint","urlTemplate":"https:\/\/inminer.es\/?s={search_term_string}"},"query-input":{"@type":"PropertyValueSpecification","valueRequired":true,"valueName":"search_term_string"}}],"inLanguage":"en-GB"}]}},"_links":{"self":[{"href":"https:\/\/inminer.es\/en\/wp-json\/wp\/v2\/pages\/996","targetHints":{"allow":["GET"]}}],"collection":[{"href":"https:\/\/inminer.es\/en\/wp-json\/wp\/v2\/pages"}],"about":[{"href":"https:\/\/inminer.es\/en\/wp-json\/wp\/v2\/types\/page"}],"author":[{"embeddable":true,"href":"https:\/\/inminer.es\/en\/wp-json\/wp\/v2\/users\/1"}],"replies":[{"embeddable":true,"href":"https:\/\/inminer.es\/en\/wp-json\/wp\/v2\/comments?post=996"}],"version-history":[{"count":6,"href":"https:\/\/inminer.es\/en\/wp-json\/wp\/v2\/pages\/996\/revisions"}],"predecessor-version":[{"id":1416,"href":"https:\/\/inminer.es\/en\/wp-json\/wp\/v2\/pages\/996\/revisions\/1416"}],"wp:attachment":[{"href":"https:\/\/inminer.es\/en\/wp-json\/wp\/v2\/media?parent=996"}],"curies":[{"name":"wp","href":"https:\/\/api.w.org\/{rel}","templated":true}]}}